{"id":1957,"date":"2016-02-22T15:54:29","date_gmt":"2016-02-22T14:54:29","guid":{"rendered":"http:\/\/demo.themelogi.com\/roneous\/?page_id=1957"},"modified":"2024-06-03T11:02:27","modified_gmt":"2024-06-03T09:02:27","slug":"ueber-uns","status":"publish","type":"page","link":"https:\/\/fliesen-schoon.de\/web\/ueber-uns\/","title":{"rendered":"\u00dcBER UNS"},"content":{"rendered":"<section class=\"wpb-content-wrapper\"><p>[vc_row css=&#8220;.vc_custom_1668608131855{padding: 40px !important;}&#8220;][vc_column]<div class=\"headings-title\"><div class=\"mb16  mb-xs-40 text-left\"><h5  class=\"widgettitle \">\u00dcber uns<\/h5><div class=\"divider-wrap\"><div class=\"tlg-divider\"><\/div><\/div><\/div><\/div>[vc_column_text]6 Mitarbeiter z\u00e4hlt das Fliesenfachgesch\u00e4ft H.-G. Schoon aus Ihlow-Ochtelbur. Der Innungs- und Ausbildungsbetrieb hat im Leistungsprofil den Handel mit Fliesen sowie deren Verlegung. Fliesen Schoon ist neben dem Objektgesch\u00e4ft vor allem auch f\u00fcr schwierige Anwendungen qualifiziert.<\/p>\n<p>Das Unternehmen existiert seit 1982 und hat sich im Laufe dieser Zeit viele zufriedene Stammkunden erarbeitet. Neben Architekten z\u00e4hlen auch Bauunternehmen sowie private Bauherren zu den Auftraggebern.[\/vc_column_text][\/vc_column][\/vc_row][vc_row tlg_background_style=&#8220;bg-secondary&#8220; tlg_text_align=&#8220;text-center&#8220; css=&#8220;.vc_custom_1668608139122{padding: 40px !important;}&#8220;][vc_column width=&#8220;1\/3&#8243;]<div id=\"iconbox-69e09b8d92044\" class=\"\"><div class=\"icon-link\"><div class=\"relative mb0 text-center\">\n\t\t\t\t\t\t\t<i style=\"font-size:45px!important;color:#8fb6bc;\" class=\"ti-arrow-circle-down   inline-block mb16 ms-text icon-lg\"><\/i>\n\t\t\t\t\t\t\t<h5  class=\"widgettitle mb8\">Unternehmen mit Tradition<\/h5>\n\t\t\t\t\t\t\t<div  class=\"widgetsubtitle mb16\"><\/div>\n\t\t\t\t\t\t\t<div  class=\"icon-content\"><p>Seit 1982 ist Fliesen Schoon ein starker Partner an Ihrer Seite. Ostfrieslandweit und dar\u00fcber hinaus.<\/p>\n<\/div> \n\t\t\t\t\t\t<\/div><\/div><\/div>[\/vc_column][vc_column width=&#8220;1\/3&#8243;]<div id=\"iconbox-69e09b8d92085\" class=\"\"><div class=\"icon-link\"><div class=\"relative mb0 text-center\">\n\t\t\t\t\t\t\t<i style=\"font-size:45px!important;color:#8fb6bc;\" class=\"ti-arrow-circle-down   inline-block mb16 ms-text icon-lg\"><\/i>\n\t\t\t\t\t\t\t<h5  class=\"widgettitle mb8\">Wir setzen Ihre W\u00fcnsche um!<\/h5>\n\t\t\t\t\t\t\t<div  class=\"widgetsubtitle mb16\"><\/div>\n\t\t\t\t\t\t\t<div  class=\"icon-content\"><p>Bestm\u00f6gliche Beratung und professionelle Umsetzung \u00fcberzeugen Planer und Bauherren gleicherma\u00dfen.<\/p>\n<\/div> \n\t\t\t\t\t\t<\/div><\/div><\/div>[\/vc_column][vc_column width=&#8220;1\/3&#8243;]<div id=\"iconbox-69e09b8d920a5\" class=\"\"><div class=\"icon-link\"><div class=\"relative mb0 text-center\">\n\t\t\t\t\t\t\t<i style=\"font-size:45px!important;color:#8fb6bc;\" class=\"ti-arrow-circle-down   inline-block mb16 ms-text icon-lg\"><\/i>\n\t\t\t\t\t\t\t<h5  class=\"widgettitle mb8\">Schnell und zuverl\u00e4ssig!<\/h5>\n\t\t\t\t\t\t\t<div  class=\"widgetsubtitle mb16\"><\/div>\n\t\t\t\t\t\t\t<div  class=\"icon-content\"><p>Wir verlegen Fliesen, Platten, Mosaik und Natursteine kompetent, schnell und zuverl\u00e4ssig.<\/p>\n<\/div> \n\t\t\t\t\t\t<\/div><\/div><\/div>[\/vc_column][\/vc_row][vc_row tlg_background_style=&#8220;bg-dark&#8220; tlg_padding=&#8220;pt180 pb180 pt-xs-80 pb-xs-80&#8243; tlg_enable_overlay=&#8220;yes&#8220; tlg_text_align=&#8220;text-center&#8220; css=&#8220;.vc_custom_1668608148131{padding: 40px !important;background-image: url(http:\/\/fliesen-schoon.de\/web\/wp-content\/uploads\/2017\/12\/uber-uns-auto-1.jpg?id=4312) !important;}&#8220; tlg_bg_overlay=&#8220;#8eb6bd&#8220;][vc_column width=&#8220;1\/6&#8243; css=&#8220;.vc_custom_1456370426125{padding-top: 120px !important;padding-right: 100px !important;padding-bottom: 120px !important;padding-left: 100px !important;}&#8220;][\/vc_column][vc_column width=&#8220;2\/3&#8243;][vc_column_text]<\/p>\n<blockquote class=\"blockquote\"><p>Haben wir Sie mit unseren Leistungen \u00fcberzeugen k\u00f6nnen? Haben Sie Fragen zum Thema Fliesen, Mosaik oder Natursteine?<\/p><\/blockquote>\n<p>Unter Tel: 04928 &#8211; 554 beantworten wir Ihnen gerne Ihre Fragen.<\/p>\n<p><cite>\u00dcBERZEUGEN SIE SICH!<\/cite>[\/vc_column_text][\/vc_column][vc_column width=&#8220;1\/6&#8243;][\/vc_column][\/vc_row][vc_row css=&#8220;.vc_custom_1668608157185{padding: 40px !important;}&#8220;][vc_column width=&#8220;1\/2&#8243;]<div class=\"headings-title\"><div class=\"mb16  mb-xs-40 text-left\"><h5  class=\"widgettitle \">Unsere Arbeit spricht f\u00fcr sich<\/h5><div class=\"divider-wrap\"><div class=\"tlg-divider\"><\/div><\/div><\/div><\/div>[vc_column_text]An Referenzen mangelt es nicht. Dazu geh\u00f6ren beispielsweise auch die Kunsthalle oder der Kindergarten der Fachhochschule in Emden sowie zahlreiche anspruchsvolle Wohnbauten oder Gewerbeobjekte.<\/p>\n<p>[\/vc_column_text][\/vc_column][vc_column width=&#8220;1\/2&#8243; css=&#8220;.vc_custom_1512333436852{padding-left: 55px !important;}&#8220;]<div class=\"headings-title\"><div class=\"mb16  mb-xs-40 text-left\"><h5  class=\"widgettitle \">Meisterbetrieb des Fliesenhandwerks<\/h5><div class=\"divider-wrap\"><div class=\"tlg-divider\"><\/div><\/div><\/div><\/div>[vc_column_text]<img decoding=\"async\" loading=\"lazy\" class=\"size-full wp-image-4326 alignleft\" src=\"http:\/\/fliesen-schoon.de\/wp-content\/uploads\/2017\/12\/fliesenhandwerks.png\" alt=\"\" width=\"104\" height=\"107\" \/>Die Fliesenfachbetriebe, die das Zeichen des Qualifizierungsprogramms \u201eZert-Fliese\u201c tragen, stehen besonders f\u00fcr Qualit\u00e4t und fundiertes Wissen.[\/vc_column_text][\/vc_column][\/vc_row]<\/p>\n<\/section>","protected":false},"excerpt":{"rendered":"<p>[vc_row css=&#8220;.vc_custom_1668608131855{padding: 40px !important;}&#8220;][vc_column][vc_column_text]6 Mitarbeiter z\u00e4hlt das Fliesenfachgesch\u00e4ft H.-G. Schoon aus Ihlow-Ochtelbur. Der Innungs- und Ausbildungsbetrieb&#8230;<\/p>\n","protected":false},"author":1,"featured_media":5073,"parent":0,"menu_order":0,"comment_status":"closed","ping_status":"closed","template":"","meta":[],"yoast_head":"<!-- This site is optimized with the Yoast SEO plugin v19.10 - https:\/\/yoast.com\/wordpress\/plugins\/seo\/ -->\n<title>\u00dcBER UNS - Fliesen Schoon<\/title>\n<meta name=\"description\" content=\"Das Unternehmen Fliesen Schoon existiert seit 1982 und hat sich im Laufe dieser Zeit viele zufriedene Stammkunden erarbeitet. Neben Architekten z\u00e4hlen auch\" \/>\n<meta name=\"robots\" content=\"index, follow, max-snippet:-1, max-image-preview:large, max-video-preview:-1\" \/>\n<link rel=\"canonical\" href=\"https:\/\/fliesen-schoon.de\/web\/ueber-uns\/\" \/>\n<meta property=\"og:locale\" content=\"de_DE\" \/>\n<meta property=\"og:type\" content=\"article\" \/>\n<meta property=\"og:title\" content=\"\u00dcBER UNS - Fliesen Schoon\" \/>\n<meta property=\"og:description\" content=\"Das Unternehmen Fliesen Schoon existiert seit 1982 und hat sich im Laufe dieser Zeit viele zufriedene Stammkunden erarbeitet. Neben Architekten z\u00e4hlen auch\" \/>\n<meta property=\"og:url\" content=\"https:\/\/fliesen-schoon.de\/web\/ueber-uns\/\" \/>\n<meta property=\"og:site_name\" content=\"Fliesen Schoon\" \/>\n<meta property=\"article:modified_time\" content=\"2024-06-03T09:02:27+00:00\" \/>\n<meta property=\"og:image\" content=\"https:\/\/fliesen-schoon.de\/wp-content\/uploads\/2024\/06\/20230928161437_IMG_1376-scaled.jpeg\" \/>\n\t<meta property=\"og:image:width\" content=\"2560\" \/>\n\t<meta property=\"og:image:height\" content=\"1704\" \/>\n\t<meta property=\"og:image:type\" content=\"image\/jpeg\" \/>\n<meta name=\"twitter:card\" content=\"summary_large_image\" \/>\n<meta name=\"twitter:label1\" content=\"Gesch\u00e4tzte Lesezeit\" \/>\n\t<meta name=\"twitter:data1\" content=\"2\u00a0Minuten\" \/>\n<script type=\"application\/ld+json\" class=\"yoast-schema-graph\">{\"@context\":\"https:\/\/schema.org\",\"@graph\":[{\"@type\":\"WebPage\",\"@id\":\"https:\/\/fliesen-schoon.de\/web\/ueber-uns\/\",\"url\":\"https:\/\/fliesen-schoon.de\/web\/ueber-uns\/\",\"name\":\"\u00dcBER UNS - Fliesen Schoon\",\"isPartOf\":{\"@id\":\"https:\/\/fliesen-schoon.de\/web\/#website\"},\"datePublished\":\"2016-02-22T14:54:29+00:00\",\"dateModified\":\"2024-06-03T09:02:27+00:00\",\"description\":\"Das Unternehmen Fliesen Schoon existiert seit 1982 und hat sich im Laufe dieser Zeit viele zufriedene Stammkunden erarbeitet. Neben Architekten z\u00e4hlen auch\",\"breadcrumb\":{\"@id\":\"https:\/\/fliesen-schoon.de\/web\/ueber-uns\/#breadcrumb\"},\"inLanguage\":\"de\",\"potentialAction\":[{\"@type\":\"ReadAction\",\"target\":[\"https:\/\/fliesen-schoon.de\/web\/ueber-uns\/\"]}]},{\"@type\":\"BreadcrumbList\",\"@id\":\"https:\/\/fliesen-schoon.de\/web\/ueber-uns\/#breadcrumb\",\"itemListElement\":[{\"@type\":\"ListItem\",\"position\":1,\"name\":\"Startseite\",\"item\":\"https:\/\/fliesen-schoon.de\/web\/\"},{\"@type\":\"ListItem\",\"position\":2,\"name\":\"\u00dcBER UNS\"}]},{\"@type\":\"WebSite\",\"@id\":\"https:\/\/fliesen-schoon.de\/web\/#website\",\"url\":\"https:\/\/fliesen-schoon.de\/web\/\",\"name\":\"Fliesen Schoon\",\"description\":\"Fliesenfachgesch\u00e4ft\",\"potentialAction\":[{\"@type\":\"SearchAction\",\"target\":{\"@type\":\"EntryPoint\",\"urlTemplate\":\"https:\/\/fliesen-schoon.de\/web\/?s={search_term_string}\"},\"query-input\":\"required name=search_term_string\"}],\"inLanguage\":\"de\"}]}<\/script>\n<!-- \/ Yoast SEO plugin. -->","yoast_head_json":{"title":"\u00dcBER UNS - Fliesen Schoon","description":"Das Unternehmen Fliesen Schoon existiert seit 1982 und hat sich im Laufe dieser Zeit viele zufriedene Stammkunden erarbeitet. Neben Architekten z\u00e4hlen auch","robots":{"index":"index","follow":"follow","max-snippet":"max-snippet:-1","max-image-preview":"max-image-preview:large","max-video-preview":"max-video-preview:-1"},"canonical":"https:\/\/fliesen-schoon.de\/web\/ueber-uns\/","og_locale":"de_DE","og_type":"article","og_title":"\u00dcBER UNS - Fliesen Schoon","og_description":"Das Unternehmen Fliesen Schoon existiert seit 1982 und hat sich im Laufe dieser Zeit viele zufriedene Stammkunden erarbeitet. Neben Architekten z\u00e4hlen auch","og_url":"https:\/\/fliesen-schoon.de\/web\/ueber-uns\/","og_site_name":"Fliesen Schoon","article_modified_time":"2024-06-03T09:02:27+00:00","og_image":[{"width":2560,"height":1704,"url":"https:\/\/fliesen-schoon.de\/wp-content\/uploads\/2024\/06\/20230928161437_IMG_1376-scaled.jpeg","type":"image\/jpeg"}],"twitter_card":"summary_large_image","twitter_misc":{"Gesch\u00e4tzte Lesezeit":"2\u00a0Minuten"},"schema":{"@context":"https:\/\/schema.org","@graph":[{"@type":"WebPage","@id":"https:\/\/fliesen-schoon.de\/web\/ueber-uns\/","url":"https:\/\/fliesen-schoon.de\/web\/ueber-uns\/","name":"\u00dcBER UNS - Fliesen Schoon","isPartOf":{"@id":"https:\/\/fliesen-schoon.de\/web\/#website"},"datePublished":"2016-02-22T14:54:29+00:00","dateModified":"2024-06-03T09:02:27+00:00","description":"Das Unternehmen Fliesen Schoon existiert seit 1982 und hat sich im Laufe dieser Zeit viele zufriedene Stammkunden erarbeitet. Neben Architekten z\u00e4hlen auch","breadcrumb":{"@id":"https:\/\/fliesen-schoon.de\/web\/ueber-uns\/#breadcrumb"},"inLanguage":"de","potentialAction":[{"@type":"ReadAction","target":["https:\/\/fliesen-schoon.de\/web\/ueber-uns\/"]}]},{"@type":"BreadcrumbList","@id":"https:\/\/fliesen-schoon.de\/web\/ueber-uns\/#breadcrumb","itemListElement":[{"@type":"ListItem","position":1,"name":"Startseite","item":"https:\/\/fliesen-schoon.de\/web\/"},{"@type":"ListItem","position":2,"name":"\u00dcBER UNS"}]},{"@type":"WebSite","@id":"https:\/\/fliesen-schoon.de\/web\/#website","url":"https:\/\/fliesen-schoon.de\/web\/","name":"Fliesen Schoon","description":"Fliesenfachgesch\u00e4ft","potentialAction":[{"@type":"SearchAction","target":{"@type":"EntryPoint","urlTemplate":"https:\/\/fliesen-schoon.de\/web\/?s={search_term_string}"},"query-input":"required name=search_term_string"}],"inLanguage":"de"}]}},"_links":{"self":[{"href":"https:\/\/fliesen-schoon.de\/web\/wp-json\/wp\/v2\/pages\/1957"}],"collection":[{"href":"https:\/\/fliesen-schoon.de\/web\/wp-json\/wp\/v2\/pages"}],"about":[{"href":"https:\/\/fliesen-schoon.de\/web\/wp-json\/wp\/v2\/types\/page"}],"author":[{"embeddable":true,"href":"https:\/\/fliesen-schoon.de\/web\/wp-json\/wp\/v2\/users\/1"}],"replies":[{"embeddable":true,"href":"https:\/\/fliesen-schoon.de\/web\/wp-json\/wp\/v2\/comments?post=1957"}],"version-history":[{"count":51,"href":"https:\/\/fliesen-schoon.de\/web\/wp-json\/wp\/v2\/pages\/1957\/revisions"}],"predecessor-version":[{"id":5075,"href":"https:\/\/fliesen-schoon.de\/web\/wp-json\/wp\/v2\/pages\/1957\/revisions\/5075"}],"wp:featuredmedia":[{"embeddable":true,"href":"https:\/\/fliesen-schoon.de\/web\/wp-json\/wp\/v2\/media\/5073"}],"wp:attachment":[{"href":"https:\/\/fliesen-schoon.de\/web\/wp-json\/wp\/v2\/media?parent=1957"}],"curies":[{"name":"wp","href":"https:\/\/api.w.org\/{rel}","templated":true}]}}