{"id":1961,"date":"2016-02-22T15:55:08","date_gmt":"2016-02-22T14:55:08","guid":{"rendered":"http:\/\/demo.themelogi.com\/roneous\/?page_id=1961"},"modified":"2022-12-08T17:32:50","modified_gmt":"2022-12-08T16:32:50","slug":"leistungen","status":"publish","type":"page","link":"https:\/\/fliesen-schoon.de\/web\/leistungen\/","title":{"rendered":"UNSERE LEISTUNGEN"},"content":{"rendered":"<section class=\"wpb-content-wrapper\"><p>[vc_row css=&#8220;.vc_custom_1668608180836{padding: 40px !important;}&#8220;][vc_column]<div class=\"headings-title\"><div class=\"mb16  mb-xs-40 text-left\"><h5  class=\"widgettitle \">Unsere Leistungen<\/h5><div class=\"divider-wrap\"><div class=\"tlg-divider\"><\/div><\/div><\/div><\/div>[vc_column_text]Unser Leistungsspektrum erstreckt sich vom Verkauf einer gro\u00dfen Auswahl von Wand- und Bodenbel\u00e4gen bis hin zur Beratung, Planung, Gestaltung und Ausf\u00fchrung von Fliesen- und Natursteinarbeiten aller Gr\u00f6\u00dfenordnungen.<\/p>\n<p>In unserem Gesch\u00e4ft halten wir au\u00dferdem eine gro\u00dfe Auswahl von Wand- und Bodenbel\u00e4gen verschiedenster Stile und Preisrichtungen f\u00fcr Sie bereit: Naturstein wie Marmor, Granit oder Schiefer; Feinsteinzeug; Mosaik; Glasmosaik; keramische und jede andere Art von Fliesen \u2013 wir haben laufend g\u00fcnstige Angebote f\u00fcr Sie \u2013 fragen Sie uns!<\/p>\n<p>Auch ganz individuelle W\u00fcnsche k\u00f6nnen wir erf\u00fcllen, denn jede Art von Bel\u00e4gen k\u00f6nnen wir innerhalb k\u00fcrzester Zeit f\u00fcr Sie bestellen.[\/vc_column_text][\/vc_column][\/vc_row][vc_row full_width=&#8220;stretch_row&#8220; tlg_equal_height=&#8220;equal-height&#8220; css=&#8220;.vc_custom_1668608188376{padding: 40px !important;}&#8220;][vc_column width=&#8220;1\/3&#8243; css=&#8220;.vc_custom_1670516952471{padding-top: 75px !important;padding-right: 60px !important;padding-bottom: 75px !important;padding-left: 60px !important;background-color: #eaeaea !important;background-position: center !important;background-repeat: no-repeat !important;background-size: cover !important;}&#8220;][vc_column_text]<\/p>\n<h5>FLIESENVERKAUF<\/h5>\n<p>Neben dem Verkauf von Fliesen, Naturstein, Mosaik und Platten k\u00f6nnen wir Ihnen auch Reinigungs- und Pflegemitteln f\u00fcr Ihre B\u00f6den, Bel\u00e4ge und alle abwaschbaren Fl\u00e4chen (z.B. Hausfassaden, Fensterrahmen und T\u00fcren u.v.m.) anbieten.[\/vc_column_text][\/vc_column][vc_column width=&#8220;1\/3&#8243; tlg_white_color=&#8220;color-white&#8220; css=&#8220;.vc_custom_1636916251800{padding-top: 75px !important;padding-right: 60px !important;padding-bottom: 75px !important;padding-left: 60px !important;background-color: #d1d1d1 !important;background-position: center !important;background-repeat: no-repeat !important;background-size: cover !important;}&#8220;][vc_column_text]<\/p>\n<h5>BERATUNG<\/h5>\n<p>Wir beraten und unterst\u00fctzen Sie bei Ihren Projekten, egal ob diese schon fertig ausgearbeitet oder bisher nur in Ihren Vorstellung existieren. Wir setzen alles daran Ihre Ideen f\u00fcr Sie bestm\u00f6glich herauszuarbeiten und umzusetzen.[\/vc_column_text][\/vc_column][vc_column width=&#8220;1\/3&#8243; tlg_white_color=&#8220;color-white&#8220; css=&#8220;.vc_custom_1636916218580{padding-top: 75px !important;padding-right: 60px !important;padding-bottom: 75px !important;padding-left: 60px !important;background-color: #eaeaea !important;background-position: center !important;background-repeat: no-repeat !important;background-size: cover !important;}&#8220;][vc_column_text]<\/p>\n<h5>PLANUNG<\/h5>\n<p>Sie tr\u00e4umen von einem ansprechenden Badezimmer mit moderner Badkeramik? Ihre Treppe ben\u00f6tigt eine Reparatur oder Sanierung? Oder m\u00f6chten Sie Ihre Terrasse oder Ihren Balkon mit attraktiven Fliesen versch\u00f6nern? Wir sind Ihr fachkundiger Ansprechpartner f\u00fcr die Planung.[\/vc_column_text][\/vc_column][\/vc_row][vc_row full_width=&#8220;stretch_row&#8220; tlg_equal_height=&#8220;equal-height&#8220; css=&#8220;.vc_custom_1668608196345{padding: 40px !important;}&#8220;][vc_column width=&#8220;1\/3&#8243; css=&#8220;.vc_custom_1636916261128{padding-top: 75px !important;padding-right: 60px !important;padding-bottom: 75px !important;padding-left: 60px !important;background-color: #d1d1d1 !important;background-position: center !important;background-repeat: no-repeat !important;background-size: cover !important;}&#8220;][vc_column_text]<\/p>\n<h5>VERLEGEARBEITEN<\/h5>\n<p>Wir erledigen Verlegearbeiten aller Art &#8211; innen und au\u00dfen, im gewerblichen (Hotels, Schwimmb\u00e4der, Verkaufsr\u00e4ume, Werkst\u00e4tten, \u00f6ffentliche Einrichtungen etc.) sowie privatem Bereich (B\u00e4der, K\u00fcchen, B\u00f6den, Hauseing\u00e4nge, Treppen, Terrassen, Balkone, G\u00e4rten, Fensterb\u00e4nke, Haus-Fassaden etc.)[\/vc_column_text][\/vc_column][vc_column width=&#8220;1\/3&#8243; tlg_white_color=&#8220;color-white&#8220; css=&#8220;.vc_custom_1636916236705{padding-top: 75px !important;padding-right: 60px !important;padding-bottom: 75px !important;padding-left: 60px !important;background-color: #eaeaea !important;background-position: center !important;background-repeat: no-repeat !important;background-size: cover !important;}&#8220;][vc_column_text]<\/p>\n<h5>REPARATURDIENST<\/h5>\n<p>Unser Team ist auf die Reparatur und Ausbesserungsarbeiten defekter Fliesen und Platten spezialisiert. Wir erneuern kaputte Wand- und Bodenfliesen, Silikonfugen und auch bei Wassersch\u00e4den k\u00f6nnen Sie auf uns bauen.[\/vc_column_text][\/vc_column][vc_column width=&#8220;1\/3&#8243; tlg_white_color=&#8220;color-white&#8220; css=&#8220;.vc_custom_1636916268621{padding-top: 75px !important;padding-right: 60px !important;padding-bottom: 75px !important;padding-left: 60px !important;background-color: #d1d1d1 !important;background-position: center !important;background-repeat: no-repeat !important;background-size: cover !important;}&#8220;][vc_column_text]<\/p>\n<h5>SANIERUNG<\/h5>\n<p>Sanierung von alten Fliesenbel\u00e4gen inkl. Abrissarbeiten und Schuttentsorgung (z.B. B\u00e4der und K\u00fcchen) werden von uns professionell durchgef\u00fchrt. Fliesen Schon ist auch hier Ihr zuverl\u00e4ssiger Partner.[\/vc_column_text][\/vc_column][\/vc_row][vc_row tlg_padding=&#8220;pb0&#8243; css=&#8220;.vc_custom_1668608204531{padding: 40px !important;}&#8220;][vc_column]<div class=\"headings-title\"><div class=\"mb72 mb-xs-40 text-left\"><div  class=\"widgetsubtitle mb8\">Willkommen bei<\/div><h5  class=\"widgettitle mb0\">Fliesen Schoon<\/h5><\/div><\/div>[\/vc_column][\/vc_row][vc_row tlg_padding=&#8220;pt0&#8243; css=&#8220;.vc_custom_1668608211850{padding: 40px !important;}&#8220;][vc_column width=&#8220;1\/2&#8243;][vc_column_text]Wir, Fliesen Schoon aus Ochtelbur (Gemeinde Ihlow) sind Ihr Meisterbetrieb f\u00fcr Fliesenlegung in Ostfriesland.<\/p>\n<p>Eine gro\u00dfe Ausstellung f\u00fcr Fliesen, Natursteine und viele weitere Bodenbel\u00e4ge erwartet Sie in unseren Showroom.[\/vc_column_text][\/vc_column][vc_column width=&#8220;1\/2&#8243; css=&#8220;.vc_custom_1512490376587{padding-left: 55px !important;}&#8220;][vc_column_text]Ob Gro\u00dfformate, Fliesen in Holzoptik, Zementfliesen, Mosaike oder Platten &#8211; bei uns finden Sie alles, was Ihr Herz begehrt.<\/p>\n<p>Fliesen Schoon \u2013 Handwerk mit Familientradition. Professionelle Verlegung von Fliesen und Platten als Boden- und Wandbelag bei Neubau, Umbau oder Sanierung.[\/vc_column_text][\/vc_column][\/vc_row]<\/p>\n<\/section>","protected":false},"excerpt":{"rendered":"<p>[vc_row css=&#8220;.vc_custom_1668608180836{padding: 40px !important;}&#8220;][vc_column][vc_column_text]Unser Leistungsspektrum erstreckt sich vom Verkauf einer gro\u00dfen Auswahl von Wand- und Bodenbel\u00e4gen&#8230;<\/p>\n","protected":false},"author":1,"featured_media":4724,"parent":0,"menu_order":0,"comment_status":"closed","ping_status":"closed","template":"","meta":[],"yoast_head":"<!-- This site is optimized with the Yoast SEO plugin v19.10 - https:\/\/yoast.com\/wordpress\/plugins\/seo\/ -->\n<title>UNSERE LEISTUNGEN - Fliesen Schoon<\/title>\n<meta name=\"description\" content=\"Unser Leistungsspektrum erstreckt sich vom Verkauf einer gro\u00dfen Auswahl von Wand- und Bodenbel\u00e4gen bis hin zur Beratung, Planung, Gestaltung und Ausf\u00fchrung\" \/>\n<meta name=\"robots\" content=\"index, follow, max-snippet:-1, max-image-preview:large, max-video-preview:-1\" \/>\n<link rel=\"canonical\" href=\"https:\/\/fliesen-schoon.de\/web\/leistungen\/\" \/>\n<meta property=\"og:locale\" content=\"de_DE\" \/>\n<meta property=\"og:type\" content=\"article\" \/>\n<meta property=\"og:title\" content=\"UNSERE LEISTUNGEN - Fliesen Schoon\" \/>\n<meta property=\"og:description\" content=\"Unser Leistungsspektrum erstreckt sich vom Verkauf einer gro\u00dfen Auswahl von Wand- und Bodenbel\u00e4gen bis hin zur Beratung, Planung, Gestaltung und Ausf\u00fchrung\" \/>\n<meta property=\"og:url\" content=\"https:\/\/fliesen-schoon.de\/web\/leistungen\/\" \/>\n<meta property=\"og:site_name\" content=\"Fliesen Schoon\" \/>\n<meta property=\"article:modified_time\" content=\"2022-12-08T16:32:50+00:00\" \/>\n<meta property=\"og:image\" content=\"https:\/\/fliesen-schoon.de\/wp-content\/uploads\/2017\/12\/unsere-leistungen.jpg\" \/>\n\t<meta property=\"og:image:width\" content=\"1900\" \/>\n\t<meta property=\"og:image:height\" content=\"485\" \/>\n\t<meta property=\"og:image:type\" content=\"image\/jpeg\" \/>\n<meta name=\"twitter:card\" content=\"summary_large_image\" \/>\n<meta name=\"twitter:label1\" content=\"Gesch\u00e4tzte Lesezeit\" \/>\n\t<meta name=\"twitter:data1\" content=\"3\u00a0Minuten\" \/>\n<script type=\"application\/ld+json\" class=\"yoast-schema-graph\">{\"@context\":\"https:\/\/schema.org\",\"@graph\":[{\"@type\":\"WebPage\",\"@id\":\"https:\/\/fliesen-schoon.de\/web\/leistungen\/\",\"url\":\"https:\/\/fliesen-schoon.de\/web\/leistungen\/\",\"name\":\"UNSERE LEISTUNGEN - Fliesen Schoon\",\"isPartOf\":{\"@id\":\"https:\/\/fliesen-schoon.de\/web\/#website\"},\"datePublished\":\"2016-02-22T14:55:08+00:00\",\"dateModified\":\"2022-12-08T16:32:50+00:00\",\"description\":\"Unser Leistungsspektrum erstreckt sich vom Verkauf einer gro\u00dfen Auswahl von Wand- und Bodenbel\u00e4gen bis hin zur Beratung, Planung, Gestaltung und Ausf\u00fchrung\",\"breadcrumb\":{\"@id\":\"https:\/\/fliesen-schoon.de\/web\/leistungen\/#breadcrumb\"},\"inLanguage\":\"de\",\"potentialAction\":[{\"@type\":\"ReadAction\",\"target\":[\"https:\/\/fliesen-schoon.de\/web\/leistungen\/\"]}]},{\"@type\":\"BreadcrumbList\",\"@id\":\"https:\/\/fliesen-schoon.de\/web\/leistungen\/#breadcrumb\",\"itemListElement\":[{\"@type\":\"ListItem\",\"position\":1,\"name\":\"Startseite\",\"item\":\"https:\/\/fliesen-schoon.de\/web\/\"},{\"@type\":\"ListItem\",\"position\":2,\"name\":\"UNSERE LEISTUNGEN\"}]},{\"@type\":\"WebSite\",\"@id\":\"https:\/\/fliesen-schoon.de\/web\/#website\",\"url\":\"https:\/\/fliesen-schoon.de\/web\/\",\"name\":\"Fliesen Schoon\",\"description\":\"Fliesenfachgesch\u00e4ft\",\"potentialAction\":[{\"@type\":\"SearchAction\",\"target\":{\"@type\":\"EntryPoint\",\"urlTemplate\":\"https:\/\/fliesen-schoon.de\/web\/?s={search_term_string}\"},\"query-input\":\"required name=search_term_string\"}],\"inLanguage\":\"de\"}]}<\/script>\n<!-- \/ Yoast SEO plugin. -->","yoast_head_json":{"title":"UNSERE LEISTUNGEN - Fliesen Schoon","description":"Unser Leistungsspektrum erstreckt sich vom Verkauf einer gro\u00dfen Auswahl von Wand- und Bodenbel\u00e4gen bis hin zur Beratung, Planung, Gestaltung und Ausf\u00fchrung","robots":{"index":"index","follow":"follow","max-snippet":"max-snippet:-1","max-image-preview":"max-image-preview:large","max-video-preview":"max-video-preview:-1"},"canonical":"https:\/\/fliesen-schoon.de\/web\/leistungen\/","og_locale":"de_DE","og_type":"article","og_title":"UNSERE LEISTUNGEN - Fliesen Schoon","og_description":"Unser Leistungsspektrum erstreckt sich vom Verkauf einer gro\u00dfen Auswahl von Wand- und Bodenbel\u00e4gen bis hin zur Beratung, Planung, Gestaltung und Ausf\u00fchrung","og_url":"https:\/\/fliesen-schoon.de\/web\/leistungen\/","og_site_name":"Fliesen Schoon","article_modified_time":"2022-12-08T16:32:50+00:00","og_image":[{"width":1900,"height":485,"url":"https:\/\/fliesen-schoon.de\/wp-content\/uploads\/2017\/12\/unsere-leistungen.jpg","type":"image\/jpeg"}],"twitter_card":"summary_large_image","twitter_misc":{"Gesch\u00e4tzte Lesezeit":"3\u00a0Minuten"},"schema":{"@context":"https:\/\/schema.org","@graph":[{"@type":"WebPage","@id":"https:\/\/fliesen-schoon.de\/web\/leistungen\/","url":"https:\/\/fliesen-schoon.de\/web\/leistungen\/","name":"UNSERE LEISTUNGEN - Fliesen Schoon","isPartOf":{"@id":"https:\/\/fliesen-schoon.de\/web\/#website"},"datePublished":"2016-02-22T14:55:08+00:00","dateModified":"2022-12-08T16:32:50+00:00","description":"Unser Leistungsspektrum erstreckt sich vom Verkauf einer gro\u00dfen Auswahl von Wand- und Bodenbel\u00e4gen bis hin zur Beratung, Planung, Gestaltung und Ausf\u00fchrung","breadcrumb":{"@id":"https:\/\/fliesen-schoon.de\/web\/leistungen\/#breadcrumb"},"inLanguage":"de","potentialAction":[{"@type":"ReadAction","target":["https:\/\/fliesen-schoon.de\/web\/leistungen\/"]}]},{"@type":"BreadcrumbList","@id":"https:\/\/fliesen-schoon.de\/web\/leistungen\/#breadcrumb","itemListElement":[{"@type":"ListItem","position":1,"name":"Startseite","item":"https:\/\/fliesen-schoon.de\/web\/"},{"@type":"ListItem","position":2,"name":"UNSERE LEISTUNGEN"}]},{"@type":"WebSite","@id":"https:\/\/fliesen-schoon.de\/web\/#website","url":"https:\/\/fliesen-schoon.de\/web\/","name":"Fliesen Schoon","description":"Fliesenfachgesch\u00e4ft","potentialAction":[{"@type":"SearchAction","target":{"@type":"EntryPoint","urlTemplate":"https:\/\/fliesen-schoon.de\/web\/?s={search_term_string}"},"query-input":"required name=search_term_string"}],"inLanguage":"de"}]}},"_links":{"self":[{"href":"https:\/\/fliesen-schoon.de\/web\/wp-json\/wp\/v2\/pages\/1961"}],"collection":[{"href":"https:\/\/fliesen-schoon.de\/web\/wp-json\/wp\/v2\/pages"}],"about":[{"href":"https:\/\/fliesen-schoon.de\/web\/wp-json\/wp\/v2\/types\/page"}],"author":[{"embeddable":true,"href":"https:\/\/fliesen-schoon.de\/web\/wp-json\/wp\/v2\/users\/1"}],"replies":[{"embeddable":true,"href":"https:\/\/fliesen-schoon.de\/web\/wp-json\/wp\/v2\/comments?post=1961"}],"version-history":[{"count":90,"href":"https:\/\/fliesen-schoon.de\/web\/wp-json\/wp\/v2\/pages\/1961\/revisions"}],"predecessor-version":[{"id":5066,"href":"https:\/\/fliesen-schoon.de\/web\/wp-json\/wp\/v2\/pages\/1961\/revisions\/5066"}],"wp:featuredmedia":[{"embeddable":true,"href":"https:\/\/fliesen-schoon.de\/web\/wp-json\/wp\/v2\/media\/4724"}],"wp:attachment":[{"href":"https:\/\/fliesen-schoon.de\/web\/wp-json\/wp\/v2\/media?parent=1961"}],"curies":[{"name":"wp","href":"https:\/\/api.w.org\/{rel}","templated":true}]}}