{"id":1967,"date":"2016-02-22T15:55:50","date_gmt":"2016-02-22T15:55:50","guid":{"rendered":"http:\/\/demo.themelogi.com\/roneous\/?page_id=1967"},"modified":"2023-12-21T15:06:10","modified_gmt":"2023-12-21T14:06:10","slug":"kontakt","status":"publish","type":"page","link":"https:\/\/fliesen-schoon.de\/web\/kontakt\/","title":{"rendered":"KONTAKT"},"content":{"rendered":"<section class=\"wpb-content-wrapper\"><p>[vc_row full_width=&#8220;stretch_row&#8220; css=&#8220;.vc_custom_1668607867742{padding: 40px !important;}&#8220;][vc_column][\/vc_column][\/vc_row][vc_row tlg_background_style=&#8220;bg-secondary&#8220; css=&#8220;.vc_custom_1668607875722{padding: 40px !important;}&#8220;][vc_column width=&#8220;1\/3&#8243;]<div class=\"headings-title\"><div class=\"mb16 mb-xs-40 text-left\"><div  class=\"widgetsubtitle mb8\">So k\u00f6nnen Sie uns erreichen<\/div><h5  class=\"widgettitle mb0\">Kontaktieren Sie uns<\/h5><\/div><\/div>[vc_column_text]W\u00e4hrend unserer Gesch\u00e4ftszeiten k\u00f6nnen Sie uns telefonisch erreichen. Sie k\u00f6nnen uns aber auch \u00fcber das Kontaktformular eine Nachricht schicken.[\/vc_column_text]<div class=\"tlg-spacer\" data-height=\"-10\" data-height-tablet=\"0\" data-height-mobile=\"-10\" style=\"clear:both;display:block;height:-10px;margin-top:-10px;\"><\/div>[vc_column_text]<strong>Fliesen Schoon<\/strong><br \/>\nHans-J\u00f6rg Schoon<br \/>\nFriesenstr. 7<br \/>\n26632 Ihlow \/ Ochtelbur<\/p>\n<p>Telefon: 04928 \u2013 554<br \/>\nE-Mail: info@fliesen-schoon.de[\/vc_column_text][\/vc_column][vc_column width=&#8220;2\/3&#8243; css=&#8220;.vc_custom_1512334469040{padding-left: 55px !important;}&#8220;]<div role=\"form\" class=\"wpcf7\" id=\"wpcf7-f5-o1\" lang=\"de-DE\" dir=\"ltr\">\n<div class=\"screen-reader-response\"><p role=\"status\" aria-live=\"polite\" aria-atomic=\"true\"><\/p> <ul><\/ul><\/div>\n<form action=\"\/web\/wp-json\/wp\/v2\/pages\/1967#wpcf7-f5-o1\" method=\"post\" class=\"wpcf7-form init\" novalidate=\"novalidate\" data-status=\"init\">\n<div style=\"display: none;\">\n<input type=\"hidden\" name=\"_wpcf7\" value=\"5\" \/>\n<input type=\"hidden\" name=\"_wpcf7_version\" value=\"5.6.4\" \/>\n<input type=\"hidden\" name=\"_wpcf7_locale\" value=\"de_DE\" \/>\n<input type=\"hidden\" name=\"_wpcf7_unit_tag\" value=\"wpcf7-f5-o1\" \/>\n<input type=\"hidden\" name=\"_wpcf7_container_post\" value=\"0\" \/>\n<input type=\"hidden\" name=\"_wpcf7_posted_data_hash\" value=\"\" \/>\n<\/div>\n<p><label> Ihr Name (Pflichtfeld)<br \/>\n    <span class=\"wpcf7-form-control-wrap\" data-name=\"your-name\"><input type=\"text\" name=\"your-name\" value=\"\" size=\"40\" class=\"wpcf7-form-control wpcf7-text wpcf7-validates-as-required\" aria-required=\"true\" aria-invalid=\"false\" \/><\/span> <\/label><\/p>\n<p><label> Ihre E-Mail-Adresse (Pflichtfeld)<br \/>\n    <span class=\"wpcf7-form-control-wrap\" data-name=\"your-email\"><input type=\"email\" name=\"your-email\" value=\"\" size=\"40\" class=\"wpcf7-form-control wpcf7-text wpcf7-email wpcf7-validates-as-required wpcf7-validates-as-email\" aria-required=\"true\" aria-invalid=\"false\" \/><\/span> <\/label><\/p>\n<p><label> Betreff<br \/>\n    <span class=\"wpcf7-form-control-wrap\" data-name=\"your-subject\"><input type=\"text\" name=\"your-subject\" value=\"\" size=\"40\" class=\"wpcf7-form-control wpcf7-text\" aria-invalid=\"false\" \/><\/span> <\/label><\/p>\n<p><label> Ihre Nachricht<br \/>\n    <span class=\"wpcf7-form-control-wrap\" data-name=\"your-message\"><textarea name=\"your-message\" cols=\"40\" rows=\"10\" class=\"wpcf7-form-control wpcf7-textarea\" aria-invalid=\"false\"><\/textarea><\/span> <\/label><\/p>\n<p><input type=\"submit\" value=\"Senden\" class=\"wpcf7-form-control has-spinner wpcf7-submit\" \/><\/p>\n<div class=\"wpcf7-response-output\" aria-hidden=\"true\"><\/div><\/form><\/div>[\/vc_column][\/vc_row][vc_row tlg_background_style=&#8220;bg-dark&#8220; tlg_enable_overlay=&#8220;yes&#8220; tlg_bg_video_style=&#8220;video&#8220; tlg_bg_video_url=&#8220;http:\/\/fliesen-schoon.de\/wp-content\/uploads\/2017\/11\/kontakt-fly.mp4&#8243; css=&#8220;.vc_custom_1668607887277{padding-top: 12% !important;padding-right: 40px !important;padding-bottom: 10% !important;padding-left: 40px !important;}&#8220; tlg_bg_overlay=&#8220;#0cb4ce&#8220;][vc_column width=&#8220;1\/3&#8243;][vc_column_text]<\/p>\n<h1 class=\"heading-title-thin small\">\u00d6FFNUNGSZEITEN<\/h1>\n<p class=\"lead fade-color\">Fliesen Schoon<\/p>\n<p>Mo. \u2013 Fr. 09:00-12:30 Uhr<br \/>\nMo. \u2013 Fr. 14:30-18:00 Uhr<br \/>\nSa. n. Terminvereinbarung<br \/>\nMittwochnachmittag geschlossen[\/vc_column_text][\/vc_column][vc_column width=&#8220;2\/3&#8243;][\/vc_column][\/vc_row][vc_row css=&#8220;.vc_custom_1668607895632{padding: 40px !important;}&#8220;][vc_column]<div class=\"headings-title\"><div class=\"mb16 mb-xs-40 text-left\"><div  class=\"widgetsubtitle mb8\">Sie finden uns in Ochtelbur - Gemeinde Ihlow<\/div><h5  class=\"widgettitle mb0\">Fliesen Schoon Fliesenfachgesch\u00e4ft in Ostfriesland<\/h5><\/div><\/div>[vc_row_inner css=&#8220;.vc_custom_1668607905615{padding: 40px !important;}&#8220;][vc_column_inner width=&#8220;1\/2&#8243;][vc_column_text]Gerne vereinbaren wir einen Vor-Ort-Termin mit Ihnen oder besuchen Sie unsere Fliesenausstellung in Ochtelbur.<\/p>\n<p>Wir pr\u00e4sentieren Ihnen unser umfangreiches Fliesensortiment und beraten Sie ausf\u00fchrlich \u00fcber die M\u00f6glichkeiten einer Fliesenverlegung durch uns.[\/vc_column_text][\/vc_column_inner][vc_column_inner width=&#8220;1\/2&#8243; css=&#8220;.vc_custom_1512323596261{padding-left: 55px !important;}&#8220;][vc_column_text]Unser Fachgesch\u00e4ft ist nur 5 Minuten von der Autobahn A31 \u2013 Abfahrt Riepe entfernt.<\/p>\n<p>So sind wir leicht von den umliegenden St\u00e4dten Emden, Leer, Norden oder Aurich zu erreichen, um Ihnen einen flexiblen und schnellen Service bieten zu k\u00f6nnen.[\/vc_column_text][\/vc_column_inner][\/vc_row_inner][\/vc_column][\/vc_row]<\/p>\n<\/section>","protected":false},"excerpt":{"rendered":"<p>[vc_row full_width=&#8220;stretch_row&#8220; css=&#8220;.vc_custom_1668607867742{padding: 40px !important;}&#8220;][vc_column][\/vc_column][\/vc_row][vc_row tlg_background_style=&#8220;bg-secondary&#8220; css=&#8220;.vc_custom_1668607875722{padding: 40px !important;}&#8220;][vc_column width=&#8220;1\/3&#8243;][vc_column_text]W\u00e4hrend unserer Gesch\u00e4ftszeiten k\u00f6nnen Sie uns telefonisch&#8230;<\/p>\n","protected":false},"author":1,"featured_media":4720,"parent":0,"menu_order":0,"comment_status":"closed","ping_status":"closed","template":"","meta":[],"yoast_head":"<!-- This site is optimized with the Yoast SEO plugin v19.10 - https:\/\/yoast.com\/wordpress\/plugins\/seo\/ -->\n<title>KONTAKT - Fliesen Schoon<\/title>\n<meta name=\"description\" content=\"W\u00e4hrend unserer Gesch\u00e4ftszeiten k\u00f6nnen Sie uns telefonisch erreichen. Sie k\u00f6nnen uns aber auch \u00fcber das Kontaktformular eine Nachricht schicken...\" \/>\n<meta name=\"robots\" content=\"index, follow, max-snippet:-1, max-image-preview:large, max-video-preview:-1\" \/>\n<link rel=\"canonical\" href=\"https:\/\/fliesen-schoon.de\/web\/kontakt\/\" \/>\n<meta property=\"og:locale\" content=\"de_DE\" \/>\n<meta property=\"og:type\" content=\"article\" \/>\n<meta property=\"og:title\" content=\"KONTAKT - Fliesen Schoon\" \/>\n<meta property=\"og:description\" content=\"W\u00e4hrend unserer Gesch\u00e4ftszeiten k\u00f6nnen Sie uns telefonisch erreichen. Sie k\u00f6nnen uns aber auch \u00fcber das Kontaktformular eine Nachricht schicken...\" \/>\n<meta property=\"og:url\" content=\"https:\/\/fliesen-schoon.de\/web\/kontakt\/\" \/>\n<meta property=\"og:site_name\" content=\"Fliesen Schoon\" \/>\n<meta property=\"article:modified_time\" content=\"2023-12-21T14:06:10+00:00\" \/>\n<meta property=\"og:image\" content=\"https:\/\/fliesen-schoon.de\/wp-content\/uploads\/2017\/12\/startseite-2.jpg\" \/>\n\t<meta property=\"og:image:width\" content=\"1900\" \/>\n\t<meta property=\"og:image:height\" content=\"485\" \/>\n\t<meta property=\"og:image:type\" content=\"image\/jpeg\" \/>\n<meta name=\"twitter:card\" content=\"summary_large_image\" \/>\n<meta name=\"twitter:label1\" content=\"Gesch\u00e4tzte Lesezeit\" \/>\n\t<meta name=\"twitter:data1\" content=\"2\u00a0Minuten\" \/>\n<script type=\"application\/ld+json\" class=\"yoast-schema-graph\">{\"@context\":\"https:\/\/schema.org\",\"@graph\":[{\"@type\":\"WebPage\",\"@id\":\"https:\/\/fliesen-schoon.de\/web\/kontakt\/\",\"url\":\"https:\/\/fliesen-schoon.de\/web\/kontakt\/\",\"name\":\"KONTAKT - Fliesen Schoon\",\"isPartOf\":{\"@id\":\"https:\/\/fliesen-schoon.de\/web\/#website\"},\"datePublished\":\"2016-02-22T15:55:50+00:00\",\"dateModified\":\"2023-12-21T14:06:10+00:00\",\"description\":\"W\u00e4hrend unserer Gesch\u00e4ftszeiten k\u00f6nnen Sie uns telefonisch erreichen. Sie k\u00f6nnen uns aber auch \u00fcber das Kontaktformular eine Nachricht schicken...\",\"breadcrumb\":{\"@id\":\"https:\/\/fliesen-schoon.de\/web\/kontakt\/#breadcrumb\"},\"inLanguage\":\"de\",\"potentialAction\":[{\"@type\":\"ReadAction\",\"target\":[\"https:\/\/fliesen-schoon.de\/web\/kontakt\/\"]}]},{\"@type\":\"BreadcrumbList\",\"@id\":\"https:\/\/fliesen-schoon.de\/web\/kontakt\/#breadcrumb\",\"itemListElement\":[{\"@type\":\"ListItem\",\"position\":1,\"name\":\"Startseite\",\"item\":\"https:\/\/fliesen-schoon.de\/web\/\"},{\"@type\":\"ListItem\",\"position\":2,\"name\":\"KONTAKT\"}]},{\"@type\":\"WebSite\",\"@id\":\"https:\/\/fliesen-schoon.de\/web\/#website\",\"url\":\"https:\/\/fliesen-schoon.de\/web\/\",\"name\":\"Fliesen Schoon\",\"description\":\"Fliesenfachgesch\u00e4ft\",\"potentialAction\":[{\"@type\":\"SearchAction\",\"target\":{\"@type\":\"EntryPoint\",\"urlTemplate\":\"https:\/\/fliesen-schoon.de\/web\/?s={search_term_string}\"},\"query-input\":\"required name=search_term_string\"}],\"inLanguage\":\"de\"}]}<\/script>\n<!-- \/ Yoast SEO plugin. -->","yoast_head_json":{"title":"KONTAKT - Fliesen Schoon","description":"W\u00e4hrend unserer Gesch\u00e4ftszeiten k\u00f6nnen Sie uns telefonisch erreichen. Sie k\u00f6nnen uns aber auch \u00fcber das Kontaktformular eine Nachricht schicken...","robots":{"index":"index","follow":"follow","max-snippet":"max-snippet:-1","max-image-preview":"max-image-preview:large","max-video-preview":"max-video-preview:-1"},"canonical":"https:\/\/fliesen-schoon.de\/web\/kontakt\/","og_locale":"de_DE","og_type":"article","og_title":"KONTAKT - Fliesen Schoon","og_description":"W\u00e4hrend unserer Gesch\u00e4ftszeiten k\u00f6nnen Sie uns telefonisch erreichen. Sie k\u00f6nnen uns aber auch \u00fcber das Kontaktformular eine Nachricht schicken...","og_url":"https:\/\/fliesen-schoon.de\/web\/kontakt\/","og_site_name":"Fliesen Schoon","article_modified_time":"2023-12-21T14:06:10+00:00","og_image":[{"width":1900,"height":485,"url":"https:\/\/fliesen-schoon.de\/wp-content\/uploads\/2017\/12\/startseite-2.jpg","type":"image\/jpeg"}],"twitter_card":"summary_large_image","twitter_misc":{"Gesch\u00e4tzte Lesezeit":"2\u00a0Minuten"},"schema":{"@context":"https:\/\/schema.org","@graph":[{"@type":"WebPage","@id":"https:\/\/fliesen-schoon.de\/web\/kontakt\/","url":"https:\/\/fliesen-schoon.de\/web\/kontakt\/","name":"KONTAKT - Fliesen Schoon","isPartOf":{"@id":"https:\/\/fliesen-schoon.de\/web\/#website"},"datePublished":"2016-02-22T15:55:50+00:00","dateModified":"2023-12-21T14:06:10+00:00","description":"W\u00e4hrend unserer Gesch\u00e4ftszeiten k\u00f6nnen Sie uns telefonisch erreichen. Sie k\u00f6nnen uns aber auch \u00fcber das Kontaktformular eine Nachricht schicken...","breadcrumb":{"@id":"https:\/\/fliesen-schoon.de\/web\/kontakt\/#breadcrumb"},"inLanguage":"de","potentialAction":[{"@type":"ReadAction","target":["https:\/\/fliesen-schoon.de\/web\/kontakt\/"]}]},{"@type":"BreadcrumbList","@id":"https:\/\/fliesen-schoon.de\/web\/kontakt\/#breadcrumb","itemListElement":[{"@type":"ListItem","position":1,"name":"Startseite","item":"https:\/\/fliesen-schoon.de\/web\/"},{"@type":"ListItem","position":2,"name":"KONTAKT"}]},{"@type":"WebSite","@id":"https:\/\/fliesen-schoon.de\/web\/#website","url":"https:\/\/fliesen-schoon.de\/web\/","name":"Fliesen Schoon","description":"Fliesenfachgesch\u00e4ft","potentialAction":[{"@type":"SearchAction","target":{"@type":"EntryPoint","urlTemplate":"https:\/\/fliesen-schoon.de\/web\/?s={search_term_string}"},"query-input":"required name=search_term_string"}],"inLanguage":"de"}]}},"_links":{"self":[{"href":"https:\/\/fliesen-schoon.de\/web\/wp-json\/wp\/v2\/pages\/1967"}],"collection":[{"href":"https:\/\/fliesen-schoon.de\/web\/wp-json\/wp\/v2\/pages"}],"about":[{"href":"https:\/\/fliesen-schoon.de\/web\/wp-json\/wp\/v2\/types\/page"}],"author":[{"embeddable":true,"href":"https:\/\/fliesen-schoon.de\/web\/wp-json\/wp\/v2\/users\/1"}],"replies":[{"embeddable":true,"href":"https:\/\/fliesen-schoon.de\/web\/wp-json\/wp\/v2\/comments?post=1967"}],"version-history":[{"count":36,"href":"https:\/\/fliesen-schoon.de\/web\/wp-json\/wp\/v2\/pages\/1967\/revisions"}],"predecessor-version":[{"id":5068,"href":"https:\/\/fliesen-schoon.de\/web\/wp-json\/wp\/v2\/pages\/1967\/revisions\/5068"}],"wp:featuredmedia":[{"embeddable":true,"href":"https:\/\/fliesen-schoon.de\/web\/wp-json\/wp\/v2\/media\/4720"}],"wp:attachment":[{"href":"https:\/\/fliesen-schoon.de\/web\/wp-json\/wp\/v2\/media?parent=1967"}],"curies":[{"name":"wp","href":"https:\/\/api.w.org\/{rel}","templated":true}]}}