{"id":4140,"date":"2017-11-28T15:25:27","date_gmt":"2017-11-28T14:25:27","guid":{"rendered":"http:\/\/fliesen-schoon.de\/web\/?page_id=4140"},"modified":"2022-11-16T15:08:31","modified_gmt":"2022-11-16T14:08:31","slug":"fliesenverkauf","status":"publish","type":"page","link":"https:\/\/fliesen-schoon.de\/web\/fliesenverkauf\/","title":{"rendered":"FLIESENVERKAUF"},"content":{"rendered":"<section class=\"wpb-content-wrapper\"><p>[vc_row css=&#8220;.vc_custom_1668607676648{padding: 40px !important;}&#8220;][vc_column]<div class=\"headings-title\"><div class=\"mb16  mb-xs-40 text-left\"><h5  class=\"widgettitle \">Fliesenverkauf<\/h5><div class=\"divider-wrap\"><div class=\"tlg-divider\"><\/div><\/div><\/div><\/div>[vc_column_text]Sie legen Wert auf eine moderne Innenraumgestaltung? Sie w\u00fcnschen sich einen edlen Marmorfu\u00dfboden? Oder sind Sie auf der Suche nach einmaligen Fliesenmodellen aus Naturstein? Bei unserem Fliesenverkauf erwarten Sie nur hochwertige Produkte, sodass es Ihnen leicht fallen wird eine Auswahl zu treffen.<\/p>\n<p>Ob Fliesen, Mosaik oder Naturstein, unsere Produkte werden Sie \u00fcberzeugen. Besuchen Sie unser Fachgesch\u00e4ft in Ochtelbur und \u00fcberzeugen Sie sich pers\u00f6nlich von unserer gro\u00dfen Produktpalette. Selbstverst\u00e4ndlich sind wir sowohl Ihr Ansprechpartner f\u00fcr Ihren gesamten Wohnbereich als auch f\u00fcr den Au\u00dfenbereich (z.B. Terrassen).[\/vc_column_text][\/vc_column][\/vc_row][vc_row tlg_background_style=&#8220;bg-secondary&#8220; tlg_padding=&#8220;pt0&#8243; css=&#8220;.vc_custom_1668607686230{padding: 45px !important;}&#8220;][vc_column width=&#8220;1\/3&#8243;]<div id=\"iconbox-69fc91aa71ca3\" class=\"\"><div class=\"icon-link\"><div class=\"relative mb0 text-center\">\n\t\t\t\t\t\t\t<i style=\"background-color:#26306c;border-color:#26306c;\" class=\"ti-angle-double-down square-icon square-icon-bg  inline-block mb16 ms-text icon-lg\"><\/i>\n\t\t\t\t\t\t\t<h5  class=\"widgettitle mb0\">Wandfliesen<\/h5>\n\t\t\t\t\t\t\t<div  class=\"widgetsubtitle mb16\">Fliesen f\u00fcr die Wand<\/div>\n\t\t\t\t\t\t\t<div  class=\"icon-content\"><p>Wir bieten Ihnen Wandfliesen in vielen Formen, Farben und Materialien an. Ob Querformate, Hochformate oder quadratische Wandfliesen &#8211; mit Wandfliesen ist vieles m\u00f6glich.<\/p>\n<\/div> \n\t\t\t\t\t\t<\/div><\/div><\/div>[\/vc_column][vc_column width=&#8220;1\/3&#8243; css=&#8220;.vc_custom_1512508790241{padding-right: 35px !important;padding-left: 35px !important;}&#8220;]<div id=\"iconbox-69fc91aa71ceb\" class=\"\"><div class=\"icon-link\"><div class=\"relative mb0 text-center\">\n\t\t\t\t\t\t\t<i style=\"color:#ffffff;background-color:#26306c;border-color:#26306c;\" class=\"ti-angle-double-down square-icon square-icon-bg  inline-block mb16 ms-text icon-lg\"><\/i>\n\t\t\t\t\t\t\t<h5  class=\"widgettitle mb0\">Bodenfliesen<\/h5>\n\t\t\t\t\t\t\t<div  class=\"widgetsubtitle mb16\">Fliesen f\u00fcr den Boden<\/div>\n\t\t\t\t\t\t\t<div  class=\"icon-content\"><p>Auch Bodenfliesen finden Sie bei uns in allen Formen und Farben. Wir f\u00fchren aktuelle Trends ebenso wie Ausgefallenes. Somit haben wir f\u00fcr Ihr pers\u00f6nliches Bau- oder Renovierungsvorhaben sicherlich auch die passenden Bodenfliesen.<\/p>\n<\/div> \n\t\t\t\t\t\t<\/div><\/div><\/div>[\/vc_column][vc_column width=&#8220;1\/3&#8243;]<div id=\"iconbox-69fc91aa71d22\" class=\"\"><div class=\"icon-link\"><div class=\"relative mb0 text-center\">\n\t\t\t\t\t\t\t<i style=\"color:#ffffff;background-color:#26306c;border-color:#26306c;\" class=\"ti-angle-double-down square-icon square-icon-bg  inline-block mb16 ms-text icon-lg\"><\/i>\n\t\t\t\t\t\t\t<h5  class=\"widgettitle mb0\">Mosaikfliesen<\/h5>\n\t\t\t\t\t\t\t<div  class=\"widgetsubtitle mb16\">Fliesen f\u00fcr Wand & Boden<\/div>\n\t\t\t\t\t\t\t<div  class=\"icon-content\"><p>Mit kleinen Steinen eine gro\u00dfe Wirkung erzielen. Mit Mosaik lassen sich B\u00f6den und W\u00e4nde versch\u00f6nern und individuell gestalten. Mosaiksteine gibt es in allen Farben aus Steinzeug, Naturstein oder aus Glas.<\/p>\n<\/div> \n\t\t\t\t\t\t<\/div><\/div><\/div>[\/vc_column][\/vc_row][vc_row css=&#8220;.vc_custom_1668607709553{padding: 40px !important;}&#8220;][vc_column width=&#8220;2\/3&#8243;]<div class=\"headings-title\"><div class=\"mb16  mb-xs-40 text-left\"><h5  class=\"widgettitle \">F\u00fcr jeden etwas dabei<\/h5><div class=\"divider-wrap\"><div class=\"tlg-divider\"><\/div><\/div><\/div><\/div>[vc_column_text]Beim Verkauf von Fliesen bieten wir f\u00fcr jeden Geschmack das passende Produkt an. Wenn es um Ihr Zuhause geht, sind Sie bei uns in den besten H\u00e4nden. Wir verkaufen nur hochwertige Produkte wie:[\/vc_column_text][\/vc_column][vc_column width=&#8220;1\/3&#8243; css=&#8220;.vc_custom_1512507968914{padding-left: 55px !important;}&#8220;]<div class=\"headings-title\"><div class=\"mb16  mb-xs-40 text-left\"><h5  class=\"widgettitle \">Gro\u00dfe Auswahl<\/h5><div class=\"divider-wrap\"><div class=\"tlg-divider\"><\/div><\/div><\/div><\/div><div class=\"icon_title_list-content icon-list\"><ul class=\"icon_title_list\"><li><span class=\"inline-block mb8 mr-15\"><i style=\"color:#8eb6bd;\" class=\"ti-shift-right  inline-block\"><\/i><\/span><span>Fliesen<\/span><\/li><li><span class=\"inline-block mb8 mr-15\"><i style=\"color:#8eb6bd;\" class=\"ti-shift-right  inline-block\"><\/i><\/span><span>Platten<\/span><\/li><li><span class=\"inline-block mb8 mr-15\"><i style=\"color:#8eb6bd;\" class=\"ti-shift-right  inline-block\"><\/i><\/span><span>Mosaik<\/span><\/li><li><span class=\"inline-block mb8 mr-15\"><i style=\"color:#8eb6bd;\" class=\"ti-shift-right  inline-block\"><\/i><\/span><span>Natursteine<\/span><\/li><li><span class=\"inline-block mb8 mr-15\"><i style=\"color:#8eb6bd;\" class=\"ti-shift-right  inline-block\"><\/i><\/span><span>Zubeh\u00f6r<\/span><\/li><\/ul><\/div>[\/vc_column][\/vc_row]<\/p>\n<\/section>","protected":false},"excerpt":{"rendered":"<p>[vc_row css=&#8220;.vc_custom_1668607676648{padding: 40px !important;}&#8220;][vc_column][vc_column_text]Sie legen Wert auf eine moderne Innenraumgestaltung? Sie w\u00fcnschen sich einen edlen Marmorfu\u00dfboden?&#8230;<\/p>\n","protected":false},"author":1,"featured_media":4348,"parent":0,"menu_order":0,"comment_status":"closed","ping_status":"closed","template":"","meta":[],"yoast_head":"<!-- This site is optimized with the Yoast SEO plugin v19.10 - https:\/\/yoast.com\/wordpress\/plugins\/seo\/ -->\n<title>FLIESENVERKAUF - Fliesen Schoon<\/title>\n<meta name=\"description\" content=\"Sie legen Wert auf eine moderne Innenraumgestaltung? Sie w\u00fcnschen sich einen edlen Marmorfu\u00dfboden? Oder sind Sie auf der Suche nach einmaligen...\" \/>\n<meta name=\"robots\" content=\"index, follow, max-snippet:-1, max-image-preview:large, max-video-preview:-1\" \/>\n<link rel=\"canonical\" href=\"https:\/\/fliesen-schoon.de\/web\/fliesenverkauf\/\" \/>\n<meta property=\"og:locale\" content=\"de_DE\" \/>\n<meta property=\"og:type\" content=\"article\" \/>\n<meta property=\"og:title\" content=\"FLIESENVERKAUF - Fliesen Schoon\" \/>\n<meta property=\"og:description\" content=\"Sie legen Wert auf eine moderne Innenraumgestaltung? Sie w\u00fcnschen sich einen edlen Marmorfu\u00dfboden? Oder sind Sie auf der Suche nach einmaligen...\" \/>\n<meta property=\"og:url\" content=\"https:\/\/fliesen-schoon.de\/web\/fliesenverkauf\/\" \/>\n<meta property=\"og:site_name\" content=\"Fliesen Schoon\" \/>\n<meta property=\"article:modified_time\" content=\"2022-11-16T14:08:31+00:00\" \/>\n<meta property=\"og:image\" content=\"https:\/\/fliesen-schoon.de\/wp-content\/uploads\/2017\/12\/fliesenverkauf-1.jpg\" \/>\n\t<meta property=\"og:image:width\" content=\"1900\" \/>\n\t<meta property=\"og:image:height\" content=\"485\" \/>\n\t<meta property=\"og:image:type\" content=\"image\/jpeg\" \/>\n<meta name=\"twitter:card\" content=\"summary_large_image\" \/>\n<meta name=\"twitter:label1\" content=\"Gesch\u00e4tzte Lesezeit\" \/>\n\t<meta name=\"twitter:data1\" content=\"2\u00a0Minuten\" \/>\n<script type=\"application\/ld+json\" class=\"yoast-schema-graph\">{\"@context\":\"https:\/\/schema.org\",\"@graph\":[{\"@type\":\"WebPage\",\"@id\":\"https:\/\/fliesen-schoon.de\/web\/fliesenverkauf\/\",\"url\":\"https:\/\/fliesen-schoon.de\/web\/fliesenverkauf\/\",\"name\":\"FLIESENVERKAUF - Fliesen Schoon\",\"isPartOf\":{\"@id\":\"https:\/\/fliesen-schoon.de\/web\/#website\"},\"datePublished\":\"2017-11-28T14:25:27+00:00\",\"dateModified\":\"2022-11-16T14:08:31+00:00\",\"description\":\"Sie legen Wert auf eine moderne Innenraumgestaltung? Sie w\u00fcnschen sich einen edlen Marmorfu\u00dfboden? Oder sind Sie auf der Suche nach einmaligen...\",\"breadcrumb\":{\"@id\":\"https:\/\/fliesen-schoon.de\/web\/fliesenverkauf\/#breadcrumb\"},\"inLanguage\":\"de\",\"potentialAction\":[{\"@type\":\"ReadAction\",\"target\":[\"https:\/\/fliesen-schoon.de\/web\/fliesenverkauf\/\"]}]},{\"@type\":\"BreadcrumbList\",\"@id\":\"https:\/\/fliesen-schoon.de\/web\/fliesenverkauf\/#breadcrumb\",\"itemListElement\":[{\"@type\":\"ListItem\",\"position\":1,\"name\":\"Startseite\",\"item\":\"https:\/\/fliesen-schoon.de\/web\/\"},{\"@type\":\"ListItem\",\"position\":2,\"name\":\"FLIESENVERKAUF\"}]},{\"@type\":\"WebSite\",\"@id\":\"https:\/\/fliesen-schoon.de\/web\/#website\",\"url\":\"https:\/\/fliesen-schoon.de\/web\/\",\"name\":\"Fliesen Schoon\",\"description\":\"Fliesenfachgesch\u00e4ft\",\"potentialAction\":[{\"@type\":\"SearchAction\",\"target\":{\"@type\":\"EntryPoint\",\"urlTemplate\":\"https:\/\/fliesen-schoon.de\/web\/?s={search_term_string}\"},\"query-input\":\"required name=search_term_string\"}],\"inLanguage\":\"de\"}]}<\/script>\n<!-- \/ Yoast SEO plugin. -->","yoast_head_json":{"title":"FLIESENVERKAUF - Fliesen Schoon","description":"Sie legen Wert auf eine moderne Innenraumgestaltung? Sie w\u00fcnschen sich einen edlen Marmorfu\u00dfboden? Oder sind Sie auf der Suche nach einmaligen...","robots":{"index":"index","follow":"follow","max-snippet":"max-snippet:-1","max-image-preview":"max-image-preview:large","max-video-preview":"max-video-preview:-1"},"canonical":"https:\/\/fliesen-schoon.de\/web\/fliesenverkauf\/","og_locale":"de_DE","og_type":"article","og_title":"FLIESENVERKAUF - Fliesen Schoon","og_description":"Sie legen Wert auf eine moderne Innenraumgestaltung? Sie w\u00fcnschen sich einen edlen Marmorfu\u00dfboden? Oder sind Sie auf der Suche nach einmaligen...","og_url":"https:\/\/fliesen-schoon.de\/web\/fliesenverkauf\/","og_site_name":"Fliesen Schoon","article_modified_time":"2022-11-16T14:08:31+00:00","og_image":[{"width":1900,"height":485,"url":"https:\/\/fliesen-schoon.de\/wp-content\/uploads\/2017\/12\/fliesenverkauf-1.jpg","type":"image\/jpeg"}],"twitter_card":"summary_large_image","twitter_misc":{"Gesch\u00e4tzte Lesezeit":"2\u00a0Minuten"},"schema":{"@context":"https:\/\/schema.org","@graph":[{"@type":"WebPage","@id":"https:\/\/fliesen-schoon.de\/web\/fliesenverkauf\/","url":"https:\/\/fliesen-schoon.de\/web\/fliesenverkauf\/","name":"FLIESENVERKAUF - Fliesen Schoon","isPartOf":{"@id":"https:\/\/fliesen-schoon.de\/web\/#website"},"datePublished":"2017-11-28T14:25:27+00:00","dateModified":"2022-11-16T14:08:31+00:00","description":"Sie legen Wert auf eine moderne Innenraumgestaltung? Sie w\u00fcnschen sich einen edlen Marmorfu\u00dfboden? Oder sind Sie auf der Suche nach einmaligen...","breadcrumb":{"@id":"https:\/\/fliesen-schoon.de\/web\/fliesenverkauf\/#breadcrumb"},"inLanguage":"de","potentialAction":[{"@type":"ReadAction","target":["https:\/\/fliesen-schoon.de\/web\/fliesenverkauf\/"]}]},{"@type":"BreadcrumbList","@id":"https:\/\/fliesen-schoon.de\/web\/fliesenverkauf\/#breadcrumb","itemListElement":[{"@type":"ListItem","position":1,"name":"Startseite","item":"https:\/\/fliesen-schoon.de\/web\/"},{"@type":"ListItem","position":2,"name":"FLIESENVERKAUF"}]},{"@type":"WebSite","@id":"https:\/\/fliesen-schoon.de\/web\/#website","url":"https:\/\/fliesen-schoon.de\/web\/","name":"Fliesen Schoon","description":"Fliesenfachgesch\u00e4ft","potentialAction":[{"@type":"SearchAction","target":{"@type":"EntryPoint","urlTemplate":"https:\/\/fliesen-schoon.de\/web\/?s={search_term_string}"},"query-input":"required name=search_term_string"}],"inLanguage":"de"}]}},"_links":{"self":[{"href":"https:\/\/fliesen-schoon.de\/web\/wp-json\/wp\/v2\/pages\/4140"}],"collection":[{"href":"https:\/\/fliesen-schoon.de\/web\/wp-json\/wp\/v2\/pages"}],"about":[{"href":"https:\/\/fliesen-schoon.de\/web\/wp-json\/wp\/v2\/types\/page"}],"author":[{"embeddable":true,"href":"https:\/\/fliesen-schoon.de\/web\/wp-json\/wp\/v2\/users\/1"}],"replies":[{"embeddable":true,"href":"https:\/\/fliesen-schoon.de\/web\/wp-json\/wp\/v2\/comments?post=4140"}],"version-history":[{"count":48,"href":"https:\/\/fliesen-schoon.de\/web\/wp-json\/wp\/v2\/pages\/4140\/revisions"}],"predecessor-version":[{"id":5041,"href":"https:\/\/fliesen-schoon.de\/web\/wp-json\/wp\/v2\/pages\/4140\/revisions\/5041"}],"wp:featuredmedia":[{"embeddable":true,"href":"https:\/\/fliesen-schoon.de\/web\/wp-json\/wp\/v2\/media\/4348"}],"wp:attachment":[{"href":"https:\/\/fliesen-schoon.de\/web\/wp-json\/wp\/v2\/media?parent=4140"}],"curies":[{"name":"wp","href":"https:\/\/api.w.org\/{rel}","templated":true}]}}