{"id":4159,"date":"2017-11-28T16:22:22","date_gmt":"2017-11-28T15:22:22","guid":{"rendered":"http:\/\/fliesen-schoon.de\/web\/?page_id=4159"},"modified":"2022-11-16T15:07:04","modified_gmt":"2022-11-16T14:07:04","slug":"beratung","status":"publish","type":"page","link":"https:\/\/fliesen-schoon.de\/web\/beratung\/","title":{"rendered":"BERATUNG"},"content":{"rendered":"<section class=\"wpb-content-wrapper\"><p>[vc_row css=&#8220;.vc_custom_1668607604192{padding: 40px !important;}&#8220;][vc_column]<div class=\"headings-title\"><div class=\"mb16  mb-xs-40 text-left\"><h5  class=\"widgettitle \">Beratung<\/h5><div class=\"divider-wrap\"><div class=\"tlg-divider\"><\/div><\/div><\/div><\/div>[vc_column_text]Bei uns erhalten Sie eine fachkundige Beratung rund um das Thema Fliese. Dazu laden wir Sie herzlich ein, sich von uns in unserer Ausstellung in Ochtelbur (Gemeinde Ihlow) beraten zu lassen.<\/p>\n<p>Ob Gewerbebau, Einfamilienhaus oder Mehrfamilienhaus &#8211; am Anfang eines jeden Projektes steht eine ausf\u00fchrliche Beratung. Wir setzen uns mit Ihnen zusammen und erkunden gemeinsam Ihre W\u00fcnsche und Bed\u00fcrfnisse.[\/vc_column_text][\/vc_column][\/vc_row][vc_row tlg_padding=&#8220;pt0&#8243; css=&#8220;.vc_custom_1668607613339{padding: 40px !important;}&#8220;][vc_column width=&#8220;1\/2&#8243;][vc_single_image image=&#8220;4360&#8243; img_size=&#8220;full&#8220; alignment=&#8220;center&#8220;][\/vc_column][vc_column width=&#8220;1\/2&#8243;]<div id=\"iconbox-69fc91600b065\" class=\"\"><div class=\"icon-link\"><div class=\"display-table mb16 mb-xs-24 text-left\">\n\t\t\t\t    \t\t<div class=\"display-cell vertical-top\">\n\t\t\t\t    \t\t\t<i style=\"color:#ffffff;background-color:#92b8be;border-color:#92b8be;\" class=\"ti-angle-double-right square-icon small-icon inline-block mb16 mr-25 ms-text icon-lg\"><\/i>\n\t\t\t\t    \t\t<\/div>\n\t\t\t\t    \t\t<div class=\"display-cell\">\n\t\t\t\t    \t\t\t<h5  class=\"widgettitle mb0\">Fachmann<\/h5>\n\t\t\t\t    \t\t\t<div  class=\"widgetsubtitle\">Fachkundige Beratung<\/div>\n\t\t\t\t    \t\t\t<div  class=\"icon-content\"><p>Eine fachkundige Beratung ist auch beim Kauf von Fliesen sehr wichtig. Wir beraten Sie individuell und fachlich kompetent.<\/p>\n<\/div>\n\t\t\t\t    \t\t<\/div>\n\t\t\t\t    \t<\/div><\/div><\/div><div id=\"iconbox-69fc91600b0b7\" class=\"\"><div class=\"icon-link\"><div class=\"display-table mb16 mb-xs-24 text-left\">\n\t\t\t\t    \t\t<div class=\"display-cell vertical-top\">\n\t\t\t\t    \t\t\t<i style=\"color:#ffffff;background-color:#92b8be;border-color:#92b8be;\" class=\"ti-angle-double-right square-icon small-icon inline-block mb16 mr-25 ms-text icon-lg\"><\/i>\n\t\t\t\t    \t\t<\/div>\n\t\t\t\t    \t\t<div class=\"display-cell\">\n\t\t\t\t    \t\t\t<h5  class=\"widgettitle mb0\">Solide<\/h5>\n\t\t\t\t    \t\t\t<div  class=\"widgetsubtitle\">Fundierte Beratung<\/div>\n\t\t\t\t    \t\t\t<div  class=\"icon-content\"><p>Unsere langj\u00e4hrige Erfahrung als Fliesenfachgesch\u00e4ft garantiert Ihnen eine qualitativ fundierte und fachlich solide Beratung.<\/p>\n<\/div>\n\t\t\t\t    \t\t<\/div>\n\t\t\t\t    \t<\/div><\/div><\/div><div id=\"iconbox-69fc91600b0f1\" class=\"\"><div class=\"icon-link\"><div class=\"display-table mb16 mb-xs-24 text-left\">\n\t\t\t\t    \t\t<div class=\"display-cell vertical-top\">\n\t\t\t\t    \t\t\t<i style=\"color:#ffffff;background-color:#92b8be;border-color:#92b8be;\" class=\"ti-angle-double-right square-icon small-icon inline-block mb16 mr-25 ms-text icon-lg\"><\/i>\n\t\t\t\t    \t\t<\/div>\n\t\t\t\t    \t\t<div class=\"display-cell\">\n\t\t\t\t    \t\t\t<h5  class=\"widgettitle mb0\">Ausf\u00fchrlich<\/h5>\n\t\t\t\t    \t\t\t<div  class=\"widgetsubtitle\">Wir nehmen uns Zeit<\/div>\n\t\t\t\t    \t\t\t<div  class=\"icon-content\"><p>Wie nehmen uns viel Zeit f\u00fcr die Beratung und Ihren individuellen Fragen, damit Sie bestens informiert und entspannt Ihre neue Traumfliese finden.<\/p>\n<\/div>\n\t\t\t\t    \t\t<\/div>\n\t\t\t\t    \t<\/div><\/div><\/div><div id=\"iconbox-69fc91600b128\" class=\"\"><div class=\"icon-link\"><div class=\"display-table mb16 mb-xs-24 text-left\">\n\t\t\t\t    \t\t<div class=\"display-cell vertical-top\">\n\t\t\t\t    \t\t\t<i style=\"color:#ffffff;background-color:#92b8be;border-color:#92b8be;\" class=\"ti-angle-double-right square-icon small-icon inline-block mb16 mr-25 ms-text icon-lg\"><\/i>\n\t\t\t\t    \t\t<\/div>\n\t\t\t\t    \t\t<div class=\"display-cell\">\n\t\t\t\t    \t\t\t<h5  class=\"widgettitle mb0\">Erfahrung<\/h5>\n\t\t\t\t    \t\t\t<div  class=\"widgetsubtitle\">Wir haben das Know-How<\/div>\n\t\t\t\t    \t\t\t<div  class=\"icon-content\"><p>Zuverl\u00e4ssigkeit und kompetenter Rundum-Service zeichnen seit 1982 das Fliesenfachgesch\u00e4ft Schoon in Ochtelbur aus.<\/p>\n<\/div>\n\t\t\t\t    \t\t<\/div>\n\t\t\t\t    \t<\/div><\/div><\/div>[\/vc_column][\/vc_row][vc_row tlg_padding=&#8220;pt0&#8243; css=&#8220;.vc_custom_1668607622148{padding: 40px !important;}&#8220;][vc_column]<div class=\"headings-title\"><div class=\"mb16  mb-xs-40 text-left\"><h5  class=\"widgettitle \">Kommen Sie vorbei<\/h5><div class=\"divider-wrap\"><div class=\"tlg-divider\"><\/div><\/div><\/div><\/div>[vc_column_text]Sie haben Fragen zum Thema Fliesen auf die Sie gerne eine Antwort h\u00e4tten? In einem pers\u00f6nlichen Gespr\u00e4ch k\u00f6nnen wir sicherlich weiterhelfen.<\/p>\n<p>Rufen Sie uns an oder schreiben Sie uns eine Email. Alternativ k\u00f6nnen Sie auch unser <a href=\"\/web\/kontakt\">Kontaktformular<\/a> nutzen.[\/vc_column_text][\/vc_column][\/vc_row]<\/p>\n<\/section>","protected":false},"excerpt":{"rendered":"<p>[vc_row css=&#8220;.vc_custom_1668607604192{padding: 40px !important;}&#8220;][vc_column][vc_column_text]Bei uns erhalten Sie eine fachkundige Beratung rund um das Thema Fliese. Dazu&#8230;<\/p>\n","protected":false},"author":1,"featured_media":4359,"parent":0,"menu_order":0,"comment_status":"closed","ping_status":"closed","template":"","meta":[],"yoast_head":"<!-- This site is optimized with the Yoast SEO plugin v19.10 - https:\/\/yoast.com\/wordpress\/plugins\/seo\/ -->\n<title>BERATUNG - Fliesen Schoon<\/title>\n<meta name=\"description\" content=\"Bei uns erhalten Sie eine fachkundige Beratung rund um das Thema Fliese. Dazu laden wir Sie herzlich ein, sich von uns in unserer Ausstellung in Ochtelbur..\" \/>\n<meta name=\"robots\" content=\"index, follow, max-snippet:-1, max-image-preview:large, max-video-preview:-1\" \/>\n<link rel=\"canonical\" href=\"https:\/\/fliesen-schoon.de\/web\/beratung\/\" \/>\n<meta property=\"og:locale\" content=\"de_DE\" \/>\n<meta property=\"og:type\" content=\"article\" \/>\n<meta property=\"og:title\" content=\"BERATUNG - Fliesen Schoon\" \/>\n<meta property=\"og:description\" content=\"Bei uns erhalten Sie eine fachkundige Beratung rund um das Thema Fliese. Dazu laden wir Sie herzlich ein, sich von uns in unserer Ausstellung in Ochtelbur..\" \/>\n<meta property=\"og:url\" content=\"https:\/\/fliesen-schoon.de\/web\/beratung\/\" \/>\n<meta property=\"og:site_name\" content=\"Fliesen Schoon\" \/>\n<meta property=\"article:modified_time\" content=\"2022-11-16T14:07:04+00:00\" \/>\n<meta property=\"og:image\" content=\"https:\/\/fliesen-schoon.de\/wp-content\/uploads\/2017\/12\/beratung-1.jpg\" \/>\n\t<meta property=\"og:image:width\" content=\"1900\" \/>\n\t<meta property=\"og:image:height\" content=\"485\" \/>\n\t<meta property=\"og:image:type\" content=\"image\/jpeg\" \/>\n<meta name=\"twitter:card\" content=\"summary_large_image\" \/>\n<meta name=\"twitter:label1\" content=\"Gesch\u00e4tzte Lesezeit\" \/>\n\t<meta name=\"twitter:data1\" content=\"2\u00a0Minuten\" \/>\n<script type=\"application\/ld+json\" class=\"yoast-schema-graph\">{\"@context\":\"https:\/\/schema.org\",\"@graph\":[{\"@type\":\"WebPage\",\"@id\":\"https:\/\/fliesen-schoon.de\/web\/beratung\/\",\"url\":\"https:\/\/fliesen-schoon.de\/web\/beratung\/\",\"name\":\"BERATUNG - Fliesen Schoon\",\"isPartOf\":{\"@id\":\"https:\/\/fliesen-schoon.de\/web\/#website\"},\"datePublished\":\"2017-11-28T15:22:22+00:00\",\"dateModified\":\"2022-11-16T14:07:04+00:00\",\"description\":\"Bei uns erhalten Sie eine fachkundige Beratung rund um das Thema Fliese. Dazu laden wir Sie herzlich ein, sich von uns in unserer Ausstellung in Ochtelbur..\",\"breadcrumb\":{\"@id\":\"https:\/\/fliesen-schoon.de\/web\/beratung\/#breadcrumb\"},\"inLanguage\":\"de\",\"potentialAction\":[{\"@type\":\"ReadAction\",\"target\":[\"https:\/\/fliesen-schoon.de\/web\/beratung\/\"]}]},{\"@type\":\"BreadcrumbList\",\"@id\":\"https:\/\/fliesen-schoon.de\/web\/beratung\/#breadcrumb\",\"itemListElement\":[{\"@type\":\"ListItem\",\"position\":1,\"name\":\"Startseite\",\"item\":\"https:\/\/fliesen-schoon.de\/web\/\"},{\"@type\":\"ListItem\",\"position\":2,\"name\":\"BERATUNG\"}]},{\"@type\":\"WebSite\",\"@id\":\"https:\/\/fliesen-schoon.de\/web\/#website\",\"url\":\"https:\/\/fliesen-schoon.de\/web\/\",\"name\":\"Fliesen Schoon\",\"description\":\"Fliesenfachgesch\u00e4ft\",\"potentialAction\":[{\"@type\":\"SearchAction\",\"target\":{\"@type\":\"EntryPoint\",\"urlTemplate\":\"https:\/\/fliesen-schoon.de\/web\/?s={search_term_string}\"},\"query-input\":\"required name=search_term_string\"}],\"inLanguage\":\"de\"}]}<\/script>\n<!-- \/ Yoast SEO plugin. -->","yoast_head_json":{"title":"BERATUNG - Fliesen Schoon","description":"Bei uns erhalten Sie eine fachkundige Beratung rund um das Thema Fliese. Dazu laden wir Sie herzlich ein, sich von uns in unserer Ausstellung in Ochtelbur..","robots":{"index":"index","follow":"follow","max-snippet":"max-snippet:-1","max-image-preview":"max-image-preview:large","max-video-preview":"max-video-preview:-1"},"canonical":"https:\/\/fliesen-schoon.de\/web\/beratung\/","og_locale":"de_DE","og_type":"article","og_title":"BERATUNG - Fliesen Schoon","og_description":"Bei uns erhalten Sie eine fachkundige Beratung rund um das Thema Fliese. Dazu laden wir Sie herzlich ein, sich von uns in unserer Ausstellung in Ochtelbur..","og_url":"https:\/\/fliesen-schoon.de\/web\/beratung\/","og_site_name":"Fliesen Schoon","article_modified_time":"2022-11-16T14:07:04+00:00","og_image":[{"width":1900,"height":485,"url":"https:\/\/fliesen-schoon.de\/wp-content\/uploads\/2017\/12\/beratung-1.jpg","type":"image\/jpeg"}],"twitter_card":"summary_large_image","twitter_misc":{"Gesch\u00e4tzte Lesezeit":"2\u00a0Minuten"},"schema":{"@context":"https:\/\/schema.org","@graph":[{"@type":"WebPage","@id":"https:\/\/fliesen-schoon.de\/web\/beratung\/","url":"https:\/\/fliesen-schoon.de\/web\/beratung\/","name":"BERATUNG - Fliesen Schoon","isPartOf":{"@id":"https:\/\/fliesen-schoon.de\/web\/#website"},"datePublished":"2017-11-28T15:22:22+00:00","dateModified":"2022-11-16T14:07:04+00:00","description":"Bei uns erhalten Sie eine fachkundige Beratung rund um das Thema Fliese. Dazu laden wir Sie herzlich ein, sich von uns in unserer Ausstellung in Ochtelbur..","breadcrumb":{"@id":"https:\/\/fliesen-schoon.de\/web\/beratung\/#breadcrumb"},"inLanguage":"de","potentialAction":[{"@type":"ReadAction","target":["https:\/\/fliesen-schoon.de\/web\/beratung\/"]}]},{"@type":"BreadcrumbList","@id":"https:\/\/fliesen-schoon.de\/web\/beratung\/#breadcrumb","itemListElement":[{"@type":"ListItem","position":1,"name":"Startseite","item":"https:\/\/fliesen-schoon.de\/web\/"},{"@type":"ListItem","position":2,"name":"BERATUNG"}]},{"@type":"WebSite","@id":"https:\/\/fliesen-schoon.de\/web\/#website","url":"https:\/\/fliesen-schoon.de\/web\/","name":"Fliesen Schoon","description":"Fliesenfachgesch\u00e4ft","potentialAction":[{"@type":"SearchAction","target":{"@type":"EntryPoint","urlTemplate":"https:\/\/fliesen-schoon.de\/web\/?s={search_term_string}"},"query-input":"required name=search_term_string"}],"inLanguage":"de"}]}},"_links":{"self":[{"href":"https:\/\/fliesen-schoon.de\/web\/wp-json\/wp\/v2\/pages\/4159"}],"collection":[{"href":"https:\/\/fliesen-schoon.de\/web\/wp-json\/wp\/v2\/pages"}],"about":[{"href":"https:\/\/fliesen-schoon.de\/web\/wp-json\/wp\/v2\/types\/page"}],"author":[{"embeddable":true,"href":"https:\/\/fliesen-schoon.de\/web\/wp-json\/wp\/v2\/users\/1"}],"replies":[{"embeddable":true,"href":"https:\/\/fliesen-schoon.de\/web\/wp-json\/wp\/v2\/comments?post=4159"}],"version-history":[{"count":39,"href":"https:\/\/fliesen-schoon.de\/web\/wp-json\/wp\/v2\/pages\/4159\/revisions"}],"predecessor-version":[{"id":5038,"href":"https:\/\/fliesen-schoon.de\/web\/wp-json\/wp\/v2\/pages\/4159\/revisions\/5038"}],"wp:featuredmedia":[{"embeddable":true,"href":"https:\/\/fliesen-schoon.de\/web\/wp-json\/wp\/v2\/media\/4359"}],"wp:attachment":[{"href":"https:\/\/fliesen-schoon.de\/web\/wp-json\/wp\/v2\/media?parent=4159"}],"curies":[{"name":"wp","href":"https:\/\/api.w.org\/{rel}","templated":true}]}}