{"id":4171,"date":"2017-11-28T17:10:47","date_gmt":"2017-11-28T16:10:47","guid":{"rendered":"http:\/\/fliesen-schoon.de\/web\/?page_id=4171"},"modified":"2022-11-16T15:12:33","modified_gmt":"2022-11-16T14:12:33","slug":"planung-2","status":"publish","type":"page","link":"https:\/\/fliesen-schoon.de\/web\/planung-2\/","title":{"rendered":"PLANUNG"},"content":{"rendered":"<section class=\"wpb-content-wrapper\"><p>[vc_row css=&#8220;.vc_custom_1668607931796{padding: 40px !important;}&#8220;][vc_column]<div class=\"headings-title\"><div class=\"mb16  mb-xs-40 text-left\"><h5  class=\"widgettitle \">Planung<\/h5><div class=\"divider-wrap\"><div class=\"tlg-divider\"><\/div><\/div><\/div><\/div>[vc_column_text]Bei Neugestaltung, Modernisierung oder Renovierung von verfliesten R\u00e4umlichkeiten m\u00fcssen viele wichtige Entscheidungen getroffen und viele Fragen beantwortet werden. Damit Sie sich stets einen \u00dcberblick \u00fcber die anstehenden Phasen bei einer kompletten Neugestaltung oder Modernisierung verschaffen k\u00f6nnen, bedarf es einer fachkundigen Planung.<\/p>\n<p>Als Fliesenfachbetrieb stehen wir unseren Kunden seit \u00fcber 35 Jahren bei der Planung, Beratung und Ausf\u00fchrung als kompetenter Partner zur Seite.[\/vc_column_text][\/vc_column][\/vc_row][vc_row tlg_background_style=&#8220;bg-secondary&#8220; tlg_padding=&#8220;pt0&#8243; css=&#8220;.vc_custom_1668607943394{padding: 40px !important;}&#8220;][vc_column width=&#8220;1\/3&#8243;]<div id=\"iconbox-69fc91bc09d73\" class=\"\"><div class=\"icon-link\"><div class=\"display-table mb16 mb-xs-24 text-left\">\n\t\t\t\t    \t\t<div class=\"display-cell vertical-top\">\n\t\t\t\t    \t\t\t<i style=\"background-color:#26306c;border-color:#26306c;\" class=\"ti-ruler circle-icon circle-icon-bg small-icon inline-block mb16 mr-25 ms-text icon-lg\"><\/i>\n\t\t\t\t    \t\t<\/div>\n\t\t\t\t    \t\t<div class=\"display-cell\">\n\t\t\t\t    \t\t\t<h5  class=\"widgettitle mb8\">Planung<\/h5>\n\t\t\t\t    \t\t\t<div  class=\"widgetsubtitle\"><\/div>\n\t\t\t\t    \t\t\t<div  class=\"icon-content\"><p>Teilen Sie uns einfach Ihre Vorstellungen und W\u00fcnsche mit und lassen Sie uns gemeinsam Ihr Vorhaben realisieren!\u00a0Wir planen zusammen mit Ihnen.<\/p>\n<\/div>\n\t\t\t\t    \t\t<\/div>\n\t\t\t\t    \t<\/div><\/div><\/div>[\/vc_column][vc_column width=&#8220;1\/3&#8243; css=&#8220;.vc_custom_1512508790241{padding-right: 35px !important;padding-left: 35px !important;}&#8220;]<div id=\"iconbox-69fc91bc09dbe\" class=\"\"><div class=\"icon-link\"><div class=\"display-table mb16 mb-xs-24 text-left\">\n\t\t\t\t    \t\t<div class=\"display-cell vertical-top\">\n\t\t\t\t    \t\t\t<i style=\"background-color:#26306c;border-color:#26306c;\" class=\"ti-ruler-alt-2 circle-icon circle-icon-bg small-icon inline-block mb16 mr-25 ms-text icon-lg\"><\/i>\n\t\t\t\t    \t\t<\/div>\n\t\t\t\t    \t\t<div class=\"display-cell\">\n\t\t\t\t    \t\t\t<h5  class=\"widgettitle mb8\">Organisation<\/h5>\n\t\t\t\t    \t\t\t<div  class=\"widgetsubtitle\"><\/div>\n\t\t\t\t    \t\t\t<div  class=\"icon-content\"><p>Abh\u00e4ngig von Ihren individuellen W\u00fcnschen und den anfallenden Arbeiten k\u00f6nnen Sie sich bereits einen ersten \u00dcberblick \u00fcber unsere Arbeitsweise verschaffen.<\/p>\n<\/div>\n\t\t\t\t    \t\t<\/div>\n\t\t\t\t    \t<\/div><\/div><\/div>[\/vc_column][vc_column width=&#8220;1\/3&#8243;]<div id=\"iconbox-69fc91bc09dee\" class=\"\"><div class=\"icon-link\"><div class=\"display-table mb16 mb-xs-24 text-left\">\n\t\t\t\t    \t\t<div class=\"display-cell vertical-top\">\n\t\t\t\t    \t\t\t<i style=\"background-color:#26306c;border-color:#26306c;\" class=\"ti-ruler-pencil circle-icon circle-icon-bg small-icon inline-block mb16 mr-25 ms-text icon-lg\"><\/i>\n\t\t\t\t    \t\t<\/div>\n\t\t\t\t    \t\t<div class=\"display-cell\">\n\t\t\t\t    \t\t\t<h5  class=\"widgettitle mb8\">Ausf\u00fchrung<\/h5>\n\t\t\t\t    \t\t\t<div  class=\"widgetsubtitle\"><\/div>\n\t\t\t\t    \t\t\t<div  class=\"icon-content\"><p>Eine optimale Planung und Organisation ist beim Fliesen verlegen unabdingbar. Gut koordinierte Arbeitsabl\u00e4ufe garantieren f\u00fcr die Qualit\u00e4t der Ausf\u00fchrung.<\/p>\n<\/div>\n\t\t\t\t    \t\t<\/div>\n\t\t\t\t    \t<\/div><\/div><\/div>[\/vc_column][\/vc_row][vc_row css=&#8220;.vc_custom_1668607951300{padding: 40px !important;}&#8220;][vc_column]<div class=\"headings-title\"><div class=\"mb16  mb-xs-40 text-left\"><h5  class=\"widgettitle \">Wir planen weiter<\/h5><div class=\"divider-wrap\"><div class=\"tlg-divider\"><\/div><\/div><\/div><\/div>[vc_column_text]Wir von Fliesen Schoon befassen uns mit der Planung, der Organisation und der Ausf\u00fchrung von Verlegearbeiten. Mit kreativen Ideen und modernster Technik setzen wir Ihre Vorstellungen um.<\/p>\n<p>Bei unserer Arbeit steht die Umsetzung Ihrer W\u00fcnsche im Vordergrund. Vom klassischen Bad bis hin zur modernen Wohnraumgestaltung. Gerne stehen wir Ihnen bei der Planung mit kreativen Vorschl\u00e4gen zur Seite.[\/vc_column_text][\/vc_column][\/vc_row]<\/p>\n<\/section>","protected":false},"excerpt":{"rendered":"<p>[vc_row css=&#8220;.vc_custom_1668607931796{padding: 40px !important;}&#8220;][vc_column][vc_column_text]Bei Neugestaltung, Modernisierung oder Renovierung von verfliesten R\u00e4umlichkeiten m\u00fcssen viele wichtige Entscheidungen getroffen&#8230;<\/p>\n","protected":false},"author":1,"featured_media":4882,"parent":0,"menu_order":0,"comment_status":"closed","ping_status":"closed","template":"","meta":[],"yoast_head":"<!-- This site is optimized with the Yoast SEO plugin v19.10 - https:\/\/yoast.com\/wordpress\/plugins\/seo\/ -->\n<title>PLANUNG - Fliesen Schoon<\/title>\n<meta name=\"description\" content=\"Bei Neugestaltung, Modernisierung oder Renovierung von verfliesten R\u00e4umlichkeiten m\u00fcssen viele wichtige Entscheidungen getroffen und viele Fragen...\" \/>\n<meta name=\"robots\" content=\"index, follow, max-snippet:-1, max-image-preview:large, max-video-preview:-1\" \/>\n<link rel=\"canonical\" href=\"https:\/\/fliesen-schoon.de\/web\/planung-2\/\" \/>\n<meta property=\"og:locale\" content=\"de_DE\" \/>\n<meta property=\"og:type\" content=\"article\" \/>\n<meta property=\"og:title\" content=\"PLANUNG - Fliesen Schoon\" \/>\n<meta property=\"og:description\" content=\"Bei Neugestaltung, Modernisierung oder Renovierung von verfliesten R\u00e4umlichkeiten m\u00fcssen viele wichtige Entscheidungen getroffen und viele Fragen...\" \/>\n<meta property=\"og:url\" content=\"https:\/\/fliesen-schoon.de\/web\/planung-2\/\" \/>\n<meta property=\"og:site_name\" content=\"Fliesen Schoon\" \/>\n<meta property=\"article:modified_time\" content=\"2022-11-16T14:12:33+00:00\" \/>\n<meta property=\"og:image\" content=\"https:\/\/fliesen-schoon.de\/wp-content\/uploads\/2017\/12\/planung-1.jpg\" \/>\n\t<meta property=\"og:image:width\" content=\"1900\" \/>\n\t<meta property=\"og:image:height\" content=\"485\" \/>\n\t<meta property=\"og:image:type\" content=\"image\/jpeg\" \/>\n<meta name=\"twitter:card\" content=\"summary_large_image\" \/>\n<meta name=\"twitter:label1\" content=\"Gesch\u00e4tzte Lesezeit\" \/>\n\t<meta name=\"twitter:data1\" content=\"2\u00a0Minuten\" \/>\n<script type=\"application\/ld+json\" class=\"yoast-schema-graph\">{\"@context\":\"https:\/\/schema.org\",\"@graph\":[{\"@type\":\"WebPage\",\"@id\":\"https:\/\/fliesen-schoon.de\/web\/planung-2\/\",\"url\":\"https:\/\/fliesen-schoon.de\/web\/planung-2\/\",\"name\":\"PLANUNG - Fliesen Schoon\",\"isPartOf\":{\"@id\":\"https:\/\/fliesen-schoon.de\/web\/#website\"},\"datePublished\":\"2017-11-28T16:10:47+00:00\",\"dateModified\":\"2022-11-16T14:12:33+00:00\",\"description\":\"Bei Neugestaltung, Modernisierung oder Renovierung von verfliesten R\u00e4umlichkeiten m\u00fcssen viele wichtige Entscheidungen getroffen und viele Fragen...\",\"breadcrumb\":{\"@id\":\"https:\/\/fliesen-schoon.de\/web\/planung-2\/#breadcrumb\"},\"inLanguage\":\"de\",\"potentialAction\":[{\"@type\":\"ReadAction\",\"target\":[\"https:\/\/fliesen-schoon.de\/web\/planung-2\/\"]}]},{\"@type\":\"BreadcrumbList\",\"@id\":\"https:\/\/fliesen-schoon.de\/web\/planung-2\/#breadcrumb\",\"itemListElement\":[{\"@type\":\"ListItem\",\"position\":1,\"name\":\"Startseite\",\"item\":\"https:\/\/fliesen-schoon.de\/web\/\"},{\"@type\":\"ListItem\",\"position\":2,\"name\":\"PLANUNG\"}]},{\"@type\":\"WebSite\",\"@id\":\"https:\/\/fliesen-schoon.de\/web\/#website\",\"url\":\"https:\/\/fliesen-schoon.de\/web\/\",\"name\":\"Fliesen Schoon\",\"description\":\"Fliesenfachgesch\u00e4ft\",\"potentialAction\":[{\"@type\":\"SearchAction\",\"target\":{\"@type\":\"EntryPoint\",\"urlTemplate\":\"https:\/\/fliesen-schoon.de\/web\/?s={search_term_string}\"},\"query-input\":\"required name=search_term_string\"}],\"inLanguage\":\"de\"}]}<\/script>\n<!-- \/ Yoast SEO plugin. -->","yoast_head_json":{"title":"PLANUNG - Fliesen Schoon","description":"Bei Neugestaltung, Modernisierung oder Renovierung von verfliesten R\u00e4umlichkeiten m\u00fcssen viele wichtige Entscheidungen getroffen und viele Fragen...","robots":{"index":"index","follow":"follow","max-snippet":"max-snippet:-1","max-image-preview":"max-image-preview:large","max-video-preview":"max-video-preview:-1"},"canonical":"https:\/\/fliesen-schoon.de\/web\/planung-2\/","og_locale":"de_DE","og_type":"article","og_title":"PLANUNG - Fliesen Schoon","og_description":"Bei Neugestaltung, Modernisierung oder Renovierung von verfliesten R\u00e4umlichkeiten m\u00fcssen viele wichtige Entscheidungen getroffen und viele Fragen...","og_url":"https:\/\/fliesen-schoon.de\/web\/planung-2\/","og_site_name":"Fliesen Schoon","article_modified_time":"2022-11-16T14:12:33+00:00","og_image":[{"width":1900,"height":485,"url":"https:\/\/fliesen-schoon.de\/wp-content\/uploads\/2017\/12\/planung-1.jpg","type":"image\/jpeg"}],"twitter_card":"summary_large_image","twitter_misc":{"Gesch\u00e4tzte Lesezeit":"2\u00a0Minuten"},"schema":{"@context":"https:\/\/schema.org","@graph":[{"@type":"WebPage","@id":"https:\/\/fliesen-schoon.de\/web\/planung-2\/","url":"https:\/\/fliesen-schoon.de\/web\/planung-2\/","name":"PLANUNG - Fliesen Schoon","isPartOf":{"@id":"https:\/\/fliesen-schoon.de\/web\/#website"},"datePublished":"2017-11-28T16:10:47+00:00","dateModified":"2022-11-16T14:12:33+00:00","description":"Bei Neugestaltung, Modernisierung oder Renovierung von verfliesten R\u00e4umlichkeiten m\u00fcssen viele wichtige Entscheidungen getroffen und viele Fragen...","breadcrumb":{"@id":"https:\/\/fliesen-schoon.de\/web\/planung-2\/#breadcrumb"},"inLanguage":"de","potentialAction":[{"@type":"ReadAction","target":["https:\/\/fliesen-schoon.de\/web\/planung-2\/"]}]},{"@type":"BreadcrumbList","@id":"https:\/\/fliesen-schoon.de\/web\/planung-2\/#breadcrumb","itemListElement":[{"@type":"ListItem","position":1,"name":"Startseite","item":"https:\/\/fliesen-schoon.de\/web\/"},{"@type":"ListItem","position":2,"name":"PLANUNG"}]},{"@type":"WebSite","@id":"https:\/\/fliesen-schoon.de\/web\/#website","url":"https:\/\/fliesen-schoon.de\/web\/","name":"Fliesen Schoon","description":"Fliesenfachgesch\u00e4ft","potentialAction":[{"@type":"SearchAction","target":{"@type":"EntryPoint","urlTemplate":"https:\/\/fliesen-schoon.de\/web\/?s={search_term_string}"},"query-input":"required name=search_term_string"}],"inLanguage":"de"}]}},"_links":{"self":[{"href":"https:\/\/fliesen-schoon.de\/web\/wp-json\/wp\/v2\/pages\/4171"}],"collection":[{"href":"https:\/\/fliesen-schoon.de\/web\/wp-json\/wp\/v2\/pages"}],"about":[{"href":"https:\/\/fliesen-schoon.de\/web\/wp-json\/wp\/v2\/types\/page"}],"author":[{"embeddable":true,"href":"https:\/\/fliesen-schoon.de\/web\/wp-json\/wp\/v2\/users\/1"}],"replies":[{"embeddable":true,"href":"https:\/\/fliesen-schoon.de\/web\/wp-json\/wp\/v2\/comments?post=4171"}],"version-history":[{"count":24,"href":"https:\/\/fliesen-schoon.de\/web\/wp-json\/wp\/v2\/pages\/4171\/revisions"}],"predecessor-version":[{"id":5046,"href":"https:\/\/fliesen-schoon.de\/web\/wp-json\/wp\/v2\/pages\/4171\/revisions\/5046"}],"wp:featuredmedia":[{"embeddable":true,"href":"https:\/\/fliesen-schoon.de\/web\/wp-json\/wp\/v2\/media\/4882"}],"wp:attachment":[{"href":"https:\/\/fliesen-schoon.de\/web\/wp-json\/wp\/v2\/media?parent=4171"}],"curies":[{"name":"wp","href":"https:\/\/api.w.org\/{rel}","templated":true}]}}