{"id":4173,"date":"2017-11-28T17:11:49","date_gmt":"2017-11-28T16:11:49","guid":{"rendered":"http:\/\/fliesen-schoon.de\/web\/?page_id=4173"},"modified":"2022-11-16T15:13:33","modified_gmt":"2022-11-16T14:13:33","slug":"verlegearbeiten","status":"publish","type":"page","link":"https:\/\/fliesen-schoon.de\/web\/verlegearbeiten\/","title":{"rendered":"VERLEGEARBEITEN"},"content":{"rendered":"<section class=\"wpb-content-wrapper\"><p>[vc_row css=&#8220;.vc_custom_1668607992582{padding: 40px !important;}&#8220;][vc_column]<div class=\"headings-title\"><div class=\"mb16  mb-xs-40 text-left\"><h5  class=\"widgettitle \">Verlegearbeiten<\/h5><div class=\"divider-wrap\"><div class=\"tlg-divider\"><\/div><\/div><\/div><\/div>[vc_column_text]Einst galt die Fliese allein als praktischer und abwaschbarer Wand- und Bodenbelag in Bad und K\u00fcche. Heute haben Fliesen viel mehr zu bieten und werten Ihre Wohnr\u00e4ume durch eine moderne Optik und extreme Langlebigkeit auf.<\/p>\n<p>Fliesen eignen sich f\u00fcr den Einsatz im Inneren und \u00c4u\u00dferen, in allen Wohn- und Gesch\u00e4ftsr\u00e4umen, an Wand und und Boden gleicherma\u00dfen. In Ochtelbur und Umgebung \u00fcbernehmen wir gern Ihre Fliesenarbeiten und Verfugungen.[\/vc_column_text][\/vc_column][\/vc_row][vc_row tlg_background_style=&#8220;bg-secondary&#8220; tlg_padding=&#8220;pt0&#8243; css=&#8220;.vc_custom_1668608002413{padding: 40px !important;background-image: url(http:\/\/fliesen-schoon.de\/web\/wp-content\/uploads\/2017\/12\/round.png?id=4332) !important;}&#8220;][vc_column width=&#8220;1\/3&#8243;]<div id=\"iconbox-69fc916c0f0c3\" class=\"\"><div class=\"icon-link\"><div class=\"display-table mb16 mb-xs-24 text-left\">\n\t\t\t\t    \t\t<div class=\"display-cell vertical-top\">\n\t\t\t\t    \t\t\t<i style=\"background-color:#26306c;border-color:#26306c;\" class=\"ti-ruler circle-icon circle-icon-bg small-icon inline-block mb16 mr-25 ms-text icon-lg\"><\/i>\n\t\t\t\t    \t\t<\/div>\n\t\t\t\t    \t\t<div class=\"display-cell\">\n\t\t\t\t    \t\t\t<h5  class=\"widgettitle mb8\">Fachliche Verlegung<\/h5>\n\t\t\t\t    \t\t\t<div  class=\"widgetsubtitle\"><\/div>\n\t\t\t\t    \t\t\t<div style=\"color:#ffffff;\" class=\"icon-content\"><p>Wir stehen Ihnen als kompetenter Partner zur Seite und begleiten Sie fachlich bei der Umsetzung Ihrer Gestaltungsw\u00fcnsche.<\/p>\n<\/div>\n\t\t\t\t    \t\t<\/div>\n\t\t\t\t    \t<\/div><\/div><\/div>[\/vc_column][vc_column width=&#8220;1\/3&#8243; css=&#8220;.vc_custom_1512508790241{padding-right: 35px !important;padding-left: 35px !important;}&#8220;]<div id=\"iconbox-69fc916c0f0fe\" class=\"\"><div class=\"icon-link\"><div class=\"display-table mb16 mb-xs-24 text-left\">\n\t\t\t\t    \t\t<div class=\"display-cell vertical-top\">\n\t\t\t\t    \t\t\t<i style=\"background-color:#26306c;border-color:#26306c;\" class=\"ti-ruler-alt-2 circle-icon circle-icon-bg small-icon inline-block mb16 mr-25 ms-text icon-lg\"><\/i>\n\t\t\t\t    \t\t<\/div>\n\t\t\t\t    \t\t<div class=\"display-cell\">\n\t\t\t\t    \t\t\t<h5  class=\"widgettitle mb8\">Erfahrung<\/h5>\n\t\t\t\t    \t\t\t<div  class=\"widgetsubtitle\"><\/div>\n\t\t\t\t    \t\t\t<div style=\"color:#ffffff;\" class=\"icon-content\"><p>Sie m\u00fcssen sich um nichts k\u00fcmmern und haben uns als Ihren\u00a0erfahrenen Ansprechpartner.<\/p>\n<\/div>\n\t\t\t\t    \t\t<\/div>\n\t\t\t\t    \t<\/div><\/div><\/div>[\/vc_column][vc_column width=&#8220;1\/3&#8243;]<div id=\"iconbox-69fc916c0f128\" class=\"\"><div class=\"icon-link\"><div class=\"display-table mb16 mb-xs-24 text-left\">\n\t\t\t\t    \t\t<div class=\"display-cell vertical-top\">\n\t\t\t\t    \t\t\t<i style=\"background-color:#26306c;border-color:#26306c;\" class=\"ti-ruler-pencil circle-icon circle-icon-bg small-icon inline-block mb16 mr-25 ms-text icon-lg\"><\/i>\n\t\t\t\t    \t\t<\/div>\n\t\t\t\t    \t\t<div class=\"display-cell\">\n\t\t\t\t    \t\t\t<h5  class=\"widgettitle mb8\">Kompetenz und Erfahrung<\/h5>\n\t\t\t\t    \t\t\t<div  class=\"widgetsubtitle\"><\/div>\n\t\t\t\t    \t\t\t<div style=\"color:#ffffff;\" class=\"icon-content\"><p>Wir bieten Ihnen eine freundliche, kompetente und schnelle Abwicklung aller n\u00f6tigen Verlegearbeiten.<\/p>\n<\/div>\n\t\t\t\t    \t\t<\/div>\n\t\t\t\t    \t<\/div><\/div><\/div>[\/vc_column][\/vc_row][vc_row css=&#8220;.vc_custom_1668608011671{padding: 40px !important;}&#8220;][vc_column width=&#8220;2\/3&#8243;]<div class=\"headings-title\"><div class=\"mb16  mb-xs-40 text-left\"><h5  class=\"widgettitle \">Fragen zu unseren Leistungen?<\/h5><div class=\"divider-wrap\"><div class=\"tlg-divider\"><\/div><\/div><\/div><\/div>[vc_column_text]Wenn Sie fragen zu unseren Leistungen haben oder ein unverbindliches Angebot w\u00fcnschen, dann kontaktieren Sie uns. Wie stehen Ihnen gerne jederzeit zur Verf\u00fcgung.[\/vc_column_text][\/vc_column][vc_column width=&#8220;1\/3&#8243;]<div class=\"display-table\">\n\t\t\t\t\t<div class=\"display-cell text-center-sm\">\n\t\t\t\t\t\t<div  class=\"maintitle uppercase spacing-text\"><\/div>\n\t\t\t\t\t\t<div  class=\"subtitle\"><\/div>\n\t\t\t\t\t<\/div>\n\t\t\t\t\t<div class=\"display-cell text-center-sm text-right\"><a  id=\"btn-69fc916c0f16b\" class=\"btn-new btn-1 btn-1a  btn-lg btn-sm-sm text-center mr-0 mb0 mt-xs-24\" href= \"\/web\/kontakt\" target=\"_self\" >Kontakt<\/a><\/div>\n\t\t\t\t<\/div>[\/vc_column][\/vc_row]<\/p>\n<\/section>","protected":false},"excerpt":{"rendered":"<p>[vc_row css=&#8220;.vc_custom_1668607992582{padding: 40px !important;}&#8220;][vc_column][vc_column_text]Einst galt die Fliese allein als praktischer und abwaschbarer Wand- und Bodenbelag in&#8230;<\/p>\n","protected":false},"author":1,"featured_media":3925,"parent":0,"menu_order":0,"comment_status":"closed","ping_status":"closed","template":"","meta":[],"yoast_head":"<!-- This site is optimized with the Yoast SEO plugin v19.10 - https:\/\/yoast.com\/wordpress\/plugins\/seo\/ -->\n<title>VERLEGEARBEITEN - Fliesen Schoon<\/title>\n<meta name=\"description\" content=\"Einst galt die Fliese allein als praktischer und abwaschbarer Wand- und Bodenbelag in Bad und K\u00fcche. Heute haben Fliesen viel mehr zu bieten und werten Ihre\" \/>\n<meta name=\"robots\" content=\"index, follow, max-snippet:-1, max-image-preview:large, max-video-preview:-1\" \/>\n<link rel=\"canonical\" href=\"https:\/\/fliesen-schoon.de\/web\/verlegearbeiten\/\" \/>\n<meta property=\"og:locale\" content=\"de_DE\" \/>\n<meta property=\"og:type\" content=\"article\" \/>\n<meta property=\"og:title\" content=\"VERLEGEARBEITEN - Fliesen Schoon\" \/>\n<meta property=\"og:description\" content=\"Einst galt die Fliese allein als praktischer und abwaschbarer Wand- und Bodenbelag in Bad und K\u00fcche. Heute haben Fliesen viel mehr zu bieten und werten Ihre\" \/>\n<meta property=\"og:url\" content=\"https:\/\/fliesen-schoon.de\/web\/verlegearbeiten\/\" \/>\n<meta property=\"og:site_name\" content=\"Fliesen Schoon\" \/>\n<meta property=\"article:modified_time\" content=\"2022-11-16T14:13:33+00:00\" \/>\n<meta property=\"og:image\" content=\"https:\/\/fliesen-schoon.de\/wp-content\/uploads\/2016\/02\/fliesen-verlegen.jpg\" \/>\n\t<meta property=\"og:image:width\" content=\"1900\" \/>\n\t<meta property=\"og:image:height\" content=\"485\" \/>\n\t<meta property=\"og:image:type\" content=\"image\/jpeg\" \/>\n<meta name=\"twitter:card\" content=\"summary_large_image\" \/>\n<meta name=\"twitter:label1\" content=\"Gesch\u00e4tzte Lesezeit\" \/>\n\t<meta name=\"twitter:data1\" content=\"2\u00a0Minuten\" \/>\n<script type=\"application\/ld+json\" class=\"yoast-schema-graph\">{\"@context\":\"https:\/\/schema.org\",\"@graph\":[{\"@type\":\"WebPage\",\"@id\":\"https:\/\/fliesen-schoon.de\/web\/verlegearbeiten\/\",\"url\":\"https:\/\/fliesen-schoon.de\/web\/verlegearbeiten\/\",\"name\":\"VERLEGEARBEITEN - Fliesen Schoon\",\"isPartOf\":{\"@id\":\"https:\/\/fliesen-schoon.de\/web\/#website\"},\"datePublished\":\"2017-11-28T16:11:49+00:00\",\"dateModified\":\"2022-11-16T14:13:33+00:00\",\"description\":\"Einst galt die Fliese allein als praktischer und abwaschbarer Wand- und Bodenbelag in Bad und K\u00fcche. Heute haben Fliesen viel mehr zu bieten und werten Ihre\",\"breadcrumb\":{\"@id\":\"https:\/\/fliesen-schoon.de\/web\/verlegearbeiten\/#breadcrumb\"},\"inLanguage\":\"de\",\"potentialAction\":[{\"@type\":\"ReadAction\",\"target\":[\"https:\/\/fliesen-schoon.de\/web\/verlegearbeiten\/\"]}]},{\"@type\":\"BreadcrumbList\",\"@id\":\"https:\/\/fliesen-schoon.de\/web\/verlegearbeiten\/#breadcrumb\",\"itemListElement\":[{\"@type\":\"ListItem\",\"position\":1,\"name\":\"Startseite\",\"item\":\"https:\/\/fliesen-schoon.de\/web\/\"},{\"@type\":\"ListItem\",\"position\":2,\"name\":\"VERLEGEARBEITEN\"}]},{\"@type\":\"WebSite\",\"@id\":\"https:\/\/fliesen-schoon.de\/web\/#website\",\"url\":\"https:\/\/fliesen-schoon.de\/web\/\",\"name\":\"Fliesen Schoon\",\"description\":\"Fliesenfachgesch\u00e4ft\",\"potentialAction\":[{\"@type\":\"SearchAction\",\"target\":{\"@type\":\"EntryPoint\",\"urlTemplate\":\"https:\/\/fliesen-schoon.de\/web\/?s={search_term_string}\"},\"query-input\":\"required name=search_term_string\"}],\"inLanguage\":\"de\"}]}<\/script>\n<!-- \/ Yoast SEO plugin. -->","yoast_head_json":{"title":"VERLEGEARBEITEN - Fliesen Schoon","description":"Einst galt die Fliese allein als praktischer und abwaschbarer Wand- und Bodenbelag in Bad und K\u00fcche. Heute haben Fliesen viel mehr zu bieten und werten Ihre","robots":{"index":"index","follow":"follow","max-snippet":"max-snippet:-1","max-image-preview":"max-image-preview:large","max-video-preview":"max-video-preview:-1"},"canonical":"https:\/\/fliesen-schoon.de\/web\/verlegearbeiten\/","og_locale":"de_DE","og_type":"article","og_title":"VERLEGEARBEITEN - Fliesen Schoon","og_description":"Einst galt die Fliese allein als praktischer und abwaschbarer Wand- und Bodenbelag in Bad und K\u00fcche. Heute haben Fliesen viel mehr zu bieten und werten Ihre","og_url":"https:\/\/fliesen-schoon.de\/web\/verlegearbeiten\/","og_site_name":"Fliesen Schoon","article_modified_time":"2022-11-16T14:13:33+00:00","og_image":[{"width":1900,"height":485,"url":"https:\/\/fliesen-schoon.de\/wp-content\/uploads\/2016\/02\/fliesen-verlegen.jpg","type":"image\/jpeg"}],"twitter_card":"summary_large_image","twitter_misc":{"Gesch\u00e4tzte Lesezeit":"2\u00a0Minuten"},"schema":{"@context":"https:\/\/schema.org","@graph":[{"@type":"WebPage","@id":"https:\/\/fliesen-schoon.de\/web\/verlegearbeiten\/","url":"https:\/\/fliesen-schoon.de\/web\/verlegearbeiten\/","name":"VERLEGEARBEITEN - Fliesen Schoon","isPartOf":{"@id":"https:\/\/fliesen-schoon.de\/web\/#website"},"datePublished":"2017-11-28T16:11:49+00:00","dateModified":"2022-11-16T14:13:33+00:00","description":"Einst galt die Fliese allein als praktischer und abwaschbarer Wand- und Bodenbelag in Bad und K\u00fcche. Heute haben Fliesen viel mehr zu bieten und werten Ihre","breadcrumb":{"@id":"https:\/\/fliesen-schoon.de\/web\/verlegearbeiten\/#breadcrumb"},"inLanguage":"de","potentialAction":[{"@type":"ReadAction","target":["https:\/\/fliesen-schoon.de\/web\/verlegearbeiten\/"]}]},{"@type":"BreadcrumbList","@id":"https:\/\/fliesen-schoon.de\/web\/verlegearbeiten\/#breadcrumb","itemListElement":[{"@type":"ListItem","position":1,"name":"Startseite","item":"https:\/\/fliesen-schoon.de\/web\/"},{"@type":"ListItem","position":2,"name":"VERLEGEARBEITEN"}]},{"@type":"WebSite","@id":"https:\/\/fliesen-schoon.de\/web\/#website","url":"https:\/\/fliesen-schoon.de\/web\/","name":"Fliesen Schoon","description":"Fliesenfachgesch\u00e4ft","potentialAction":[{"@type":"SearchAction","target":{"@type":"EntryPoint","urlTemplate":"https:\/\/fliesen-schoon.de\/web\/?s={search_term_string}"},"query-input":"required name=search_term_string"}],"inLanguage":"de"}]}},"_links":{"self":[{"href":"https:\/\/fliesen-schoon.de\/web\/wp-json\/wp\/v2\/pages\/4173"}],"collection":[{"href":"https:\/\/fliesen-schoon.de\/web\/wp-json\/wp\/v2\/pages"}],"about":[{"href":"https:\/\/fliesen-schoon.de\/web\/wp-json\/wp\/v2\/types\/page"}],"author":[{"embeddable":true,"href":"https:\/\/fliesen-schoon.de\/web\/wp-json\/wp\/v2\/users\/1"}],"replies":[{"embeddable":true,"href":"https:\/\/fliesen-schoon.de\/web\/wp-json\/wp\/v2\/comments?post=4173"}],"version-history":[{"count":30,"href":"https:\/\/fliesen-schoon.de\/web\/wp-json\/wp\/v2\/pages\/4173\/revisions"}],"predecessor-version":[{"id":5047,"href":"https:\/\/fliesen-schoon.de\/web\/wp-json\/wp\/v2\/pages\/4173\/revisions\/5047"}],"wp:featuredmedia":[{"embeddable":true,"href":"https:\/\/fliesen-schoon.de\/web\/wp-json\/wp\/v2\/media\/3925"}],"wp:attachment":[{"href":"https:\/\/fliesen-schoon.de\/web\/wp-json\/wp\/v2\/media?parent=4173"}],"curies":[{"name":"wp","href":"https:\/\/api.w.org\/{rel}","templated":true}]}}