{"id":4175,"date":"2017-11-28T17:12:59","date_gmt":"2017-11-28T16:12:59","guid":{"rendered":"http:\/\/fliesen-schoon.de\/web\/?page_id=4175"},"modified":"2022-11-16T15:14:21","modified_gmt":"2022-11-16T14:14:21","slug":"reparaturdienst","status":"publish","type":"page","link":"https:\/\/fliesen-schoon.de\/web\/reparaturdienst\/","title":{"rendered":"REPARATURDIENST"},"content":{"rendered":"<section class=\"wpb-content-wrapper\"><p>[vc_row tlg_padding=&#8220;pb0&#8243; css=&#8220;.vc_custom_1668608034207{padding: 40px !important;}&#8220;][vc_column]<div class=\"headings-title\"><div class=\"mb16  mb-xs-40 text-left\"><h5  class=\"widgettitle \">Reparaturdienst<\/h5><div class=\"divider-wrap\"><div class=\"tlg-divider\"><\/div><\/div><\/div><\/div>[vc_column_text]Unser Team ist auf Ausbesserungsarbeiten und Reparatur mangelhafter Fliesen und Platten spezialisiert. Wir erneuern kaputte Boden- und Wandfliesen, Silikonfugen und auch bei Wassersch\u00e4den k\u00f6nnen Sie auf uns z\u00e4hlen.<\/p>\n<p>Die Robustheit und Strapazierf\u00e4higkeit zeichnen Fliesen aus und doch kann auch an ihnen der Zahn der Zeit sichtbar nagen. F\u00fcr die Aufbereitung Ihres Fliesenbodens empfehlen wir eine professionelle Reinigung und Instandsetzung mit unserem Reparaturservice.[\/vc_column_text][\/vc_column][\/vc_row][vc_row css=&#8220;.vc_custom_1668608044365{padding: 40px !important;}&#8220;][vc_column width=&#8220;1\/3&#8243;]<div id=\"iconbox-69fc91600ddf2\" class=\"\"><div class=\"icon-link\"><div class=\"boxed-icon boxed relative mb0 text-center  mt50 \">\n\t\t\t\t\t\t\t\t<i style=\"color:#ffffff;background-color:#222f6b;border-color:#222f6b;\" class=\"ti-check-box circle-icon top50  inline-block mb16 ms-text icon-lg\"><\/i>\n\t\t\t\t\t\t\t<h5  class=\"widgettitle mb8 mt50\">Instandsetzung<\/h5>\n\t\t\t\t\t\t\t<div  class=\"widgetsubtitle mb16\"><\/div>\n\t\t\t\t\t\t\t<div  class=\"icon-content\"><p>Fehlbohrungen, D\u00fcbell\u00f6cher oder kleine Abplatzungen an Fliesen sind sehr \u00e4rgerlich und eine Reparatur ist nicht immer einfach. Sollte ein Austausch der Fliesen zu kompliziert sein, kommen wir ins Spiel. Unser Team hat f\u00fcr solche Probleme immer eine L\u00f6sung anzubieten.<\/p>\n<\/div>\n\t\t\t\t\t\t<\/div><\/div><\/div>[\/vc_column][vc_column width=&#8220;1\/3&#8243; css=&#8220;.vc_custom_1512592884621{background-color: #dddddd !important;}&#8220;]<div id=\"iconbox-69fc91600de2b\" class=\"\"><div class=\"icon-link\"><div class=\"boxed-icon boxed relative mb0 text-center  mt50 \">\n\t\t\t\t\t\t\t\t<i style=\"color:#ffffff;background-color:#222f6b;border-color:#222f6b;\" class=\"ti-check-box circle-icon top50  inline-block mb16 ms-text icon-lg\"><\/i>\n\t\t\t\t\t\t\t<h5  class=\"widgettitle mb8 mt50\">Unser Reparaturservice<\/h5>\n\t\t\t\t\t\t\t<div  class=\"widgetsubtitle mb16\"><\/div>\n\t\t\t\t\t\t\t<div  class=\"icon-content\"><\/p>\n<ul>\n<li>+ Tausch von defekten Fliesen<\/li>\n<li>+ Reinigung und Versiegelung<\/li>\n<li>+ Erneuerung zement\u00e4rer Fugen<\/li>\n<li>+ Beseitigung von Schimmel- und Pilzbefall<\/li>\n<li>+ Neuverfugung<\/li>\n<\/ul>\n<p>\n<\/div>\n\t\t\t\t\t\t<\/div><\/div><\/div>[\/vc_column][vc_column width=&#8220;1\/3&#8243;]<div id=\"iconbox-69fc91600de8e\" class=\"\"><div class=\"icon-link\"><div class=\"boxed-icon boxed relative mb0 text-center  mt50 \">\n\t\t\t\t\t\t\t\t<i style=\"color:#ffffff;background-color:#222f6b;border-color:#222f6b;\" class=\"ti-check-box circle-icon top50  inline-block mb16 ms-text icon-lg\"><\/i>\n\t\t\t\t\t\t\t<h5  class=\"widgettitle mb8 mt50\">Sanierung<\/h5>\n\t\t\t\t\t\t\t<div  class=\"widgetsubtitle mb16\"><\/div>\n\t\t\t\t\t\t\t<div  class=\"icon-content\"><p>Wir sanieren Ihr\u00a0Bad, Ihre\u00a0K\u00fcche\u00a0oder\u00a0Terrasse\u00a0und reparieren Sch\u00e4den an Fliesen und B\u00f6den. Nach einer ersten Bestandsaufnahme, erhalten Sie von uns Vorschl\u00e4ge f\u00fcr die Reparatur und Sanierung. Ausf\u00fchrliche Informationen zum Thema Sanierung finden Sie unter\u00a0<a href=\"\/web\/sanierung\">Sanierung<\/a>.<\/p>\n<\/div>\n\t\t\t\t\t\t<\/div><\/div><\/div>[\/vc_column][\/vc_row][vc_row tlg_padding=&#8220;pt0 pb0&#8243; css=&#8220;.vc_custom_1668608052134{padding: 40px !important;}&#8220;][vc_column css=&#8220;.vc_custom_1512589268107{background-color: #92b8be !important;}&#8220;]<div id=\"iconbox-69fc91600deda\" class=\"\"><div class=\"icon-link\"><div class=\"display-table mb16 mb-xs-24 text-left\">\n\t\t\t\t    \t\t<div class=\"display-cell vertical-top\">\n\t\t\t\t    \t\t\t<i  class=\"  inline-block mb16 mr-25 ms-text icon-lg\"><\/i>\n\t\t\t\t    \t\t<\/div>\n\t\t\t\t    \t\t<div class=\"display-cell\">\n\t\t\t\t    \t\t\t<h5 style=\"color:#ffffff;\" class=\"widgettitle mb8\">Reparatur und Instandsetzung<\/h5>\n\t\t\t\t    \t\t\t<div  class=\"widgetsubtitle\"><\/div>\n\t\t\t\t    \t\t\t<div style=\"color:#ffffff;\" class=\"icon-content\"><p>Wir k\u00fcmmern uns auch um die Reparatur und Instandsetzung von erhaltenswerten Fliesen, Mosaiken und Natursteinen.<\/p>\n<\/div>\n\t\t\t\t    \t\t<\/div>\n\t\t\t\t    \t<\/div><\/div><\/div>[\/vc_column][\/vc_row][vc_row tlg_padding=&#8220;pt64 pb64&#8243; css=&#8220;.vc_custom_1668608059430{padding: 40px !important;}&#8220;][vc_column]<div class=\"headings-title\"><div class=\"mb16  mb-xs-40 text-left\"><h5  class=\"widgettitle \">Alles ist m\u00f6glich<\/h5><div class=\"divider-wrap\"><div class=\"tlg-divider\"><\/div><\/div><\/div><\/div>[vc_column_text]Sie m\u00f6chten mehr \u00fcber die M\u00f6glichkeiten einer Reparatur oder Instandsetzung erfahren? Dann treten Sie mit uns in Kontakt. Unsere langj\u00e4hrige Erfahrung erm\u00f6glichen selbst die Reparatur von nahezu aussichtslosen Problemf\u00e4llen.[\/vc_column_text][\/vc_column][\/vc_row]<\/p>\n<\/section>","protected":false},"excerpt":{"rendered":"<p>[vc_row tlg_padding=&#8220;pb0&#8243; css=&#8220;.vc_custom_1668608034207{padding: 40px !important;}&#8220;][vc_column][vc_column_text]Unser Team ist auf Ausbesserungsarbeiten und Reparatur mangelhafter Fliesen und Platten spezialisiert&#8230;.<\/p>\n","protected":false},"author":1,"featured_media":3920,"parent":0,"menu_order":0,"comment_status":"closed","ping_status":"closed","template":"","meta":[],"yoast_head":"<!-- This site is optimized with the Yoast SEO plugin v19.10 - https:\/\/yoast.com\/wordpress\/plugins\/seo\/ -->\n<title>REPARATURDIENST - Fliesen Schoon<\/title>\n<meta name=\"description\" content=\"Unser Team ist auf Ausbesserungsarbeiten und Reparatur mangelhafter Fliesen und Platten spezialisiert. Wir erneuern kaputte Boden- und Wandfliesen...\" \/>\n<meta name=\"robots\" content=\"index, follow, max-snippet:-1, max-image-preview:large, max-video-preview:-1\" \/>\n<link rel=\"canonical\" href=\"https:\/\/fliesen-schoon.de\/web\/reparaturdienst\/\" \/>\n<meta property=\"og:locale\" content=\"de_DE\" \/>\n<meta property=\"og:type\" content=\"article\" \/>\n<meta property=\"og:title\" content=\"REPARATURDIENST - Fliesen Schoon\" \/>\n<meta property=\"og:description\" content=\"Unser Team ist auf Ausbesserungsarbeiten und Reparatur mangelhafter Fliesen und Platten spezialisiert. Wir erneuern kaputte Boden- und Wandfliesen...\" \/>\n<meta property=\"og:url\" content=\"https:\/\/fliesen-schoon.de\/web\/reparaturdienst\/\" \/>\n<meta property=\"og:site_name\" content=\"Fliesen Schoon\" \/>\n<meta property=\"article:modified_time\" content=\"2022-11-16T14:14:21+00:00\" \/>\n<meta property=\"og:image\" content=\"https:\/\/fliesen-schoon.de\/wp-content\/uploads\/2016\/02\/fliesen-ausmessen.jpg\" \/>\n\t<meta property=\"og:image:width\" content=\"1900\" \/>\n\t<meta property=\"og:image:height\" content=\"485\" \/>\n\t<meta property=\"og:image:type\" content=\"image\/jpeg\" \/>\n<meta name=\"twitter:card\" content=\"summary_large_image\" \/>\n<meta name=\"twitter:label1\" content=\"Gesch\u00e4tzte Lesezeit\" \/>\n\t<meta name=\"twitter:data1\" content=\"2\u00a0Minuten\" \/>\n<script type=\"application\/ld+json\" class=\"yoast-schema-graph\">{\"@context\":\"https:\/\/schema.org\",\"@graph\":[{\"@type\":\"WebPage\",\"@id\":\"https:\/\/fliesen-schoon.de\/web\/reparaturdienst\/\",\"url\":\"https:\/\/fliesen-schoon.de\/web\/reparaturdienst\/\",\"name\":\"REPARATURDIENST - Fliesen Schoon\",\"isPartOf\":{\"@id\":\"https:\/\/fliesen-schoon.de\/web\/#website\"},\"datePublished\":\"2017-11-28T16:12:59+00:00\",\"dateModified\":\"2022-11-16T14:14:21+00:00\",\"description\":\"Unser Team ist auf Ausbesserungsarbeiten und Reparatur mangelhafter Fliesen und Platten spezialisiert. Wir erneuern kaputte Boden- und Wandfliesen...\",\"breadcrumb\":{\"@id\":\"https:\/\/fliesen-schoon.de\/web\/reparaturdienst\/#breadcrumb\"},\"inLanguage\":\"de\",\"potentialAction\":[{\"@type\":\"ReadAction\",\"target\":[\"https:\/\/fliesen-schoon.de\/web\/reparaturdienst\/\"]}]},{\"@type\":\"BreadcrumbList\",\"@id\":\"https:\/\/fliesen-schoon.de\/web\/reparaturdienst\/#breadcrumb\",\"itemListElement\":[{\"@type\":\"ListItem\",\"position\":1,\"name\":\"Startseite\",\"item\":\"https:\/\/fliesen-schoon.de\/web\/\"},{\"@type\":\"ListItem\",\"position\":2,\"name\":\"REPARATURDIENST\"}]},{\"@type\":\"WebSite\",\"@id\":\"https:\/\/fliesen-schoon.de\/web\/#website\",\"url\":\"https:\/\/fliesen-schoon.de\/web\/\",\"name\":\"Fliesen Schoon\",\"description\":\"Fliesenfachgesch\u00e4ft\",\"potentialAction\":[{\"@type\":\"SearchAction\",\"target\":{\"@type\":\"EntryPoint\",\"urlTemplate\":\"https:\/\/fliesen-schoon.de\/web\/?s={search_term_string}\"},\"query-input\":\"required name=search_term_string\"}],\"inLanguage\":\"de\"}]}<\/script>\n<!-- \/ Yoast SEO plugin. -->","yoast_head_json":{"title":"REPARATURDIENST - Fliesen Schoon","description":"Unser Team ist auf Ausbesserungsarbeiten und Reparatur mangelhafter Fliesen und Platten spezialisiert. Wir erneuern kaputte Boden- und Wandfliesen...","robots":{"index":"index","follow":"follow","max-snippet":"max-snippet:-1","max-image-preview":"max-image-preview:large","max-video-preview":"max-video-preview:-1"},"canonical":"https:\/\/fliesen-schoon.de\/web\/reparaturdienst\/","og_locale":"de_DE","og_type":"article","og_title":"REPARATURDIENST - Fliesen Schoon","og_description":"Unser Team ist auf Ausbesserungsarbeiten und Reparatur mangelhafter Fliesen und Platten spezialisiert. Wir erneuern kaputte Boden- und Wandfliesen...","og_url":"https:\/\/fliesen-schoon.de\/web\/reparaturdienst\/","og_site_name":"Fliesen Schoon","article_modified_time":"2022-11-16T14:14:21+00:00","og_image":[{"width":1900,"height":485,"url":"https:\/\/fliesen-schoon.de\/wp-content\/uploads\/2016\/02\/fliesen-ausmessen.jpg","type":"image\/jpeg"}],"twitter_card":"summary_large_image","twitter_misc":{"Gesch\u00e4tzte Lesezeit":"2\u00a0Minuten"},"schema":{"@context":"https:\/\/schema.org","@graph":[{"@type":"WebPage","@id":"https:\/\/fliesen-schoon.de\/web\/reparaturdienst\/","url":"https:\/\/fliesen-schoon.de\/web\/reparaturdienst\/","name":"REPARATURDIENST - Fliesen Schoon","isPartOf":{"@id":"https:\/\/fliesen-schoon.de\/web\/#website"},"datePublished":"2017-11-28T16:12:59+00:00","dateModified":"2022-11-16T14:14:21+00:00","description":"Unser Team ist auf Ausbesserungsarbeiten und Reparatur mangelhafter Fliesen und Platten spezialisiert. Wir erneuern kaputte Boden- und Wandfliesen...","breadcrumb":{"@id":"https:\/\/fliesen-schoon.de\/web\/reparaturdienst\/#breadcrumb"},"inLanguage":"de","potentialAction":[{"@type":"ReadAction","target":["https:\/\/fliesen-schoon.de\/web\/reparaturdienst\/"]}]},{"@type":"BreadcrumbList","@id":"https:\/\/fliesen-schoon.de\/web\/reparaturdienst\/#breadcrumb","itemListElement":[{"@type":"ListItem","position":1,"name":"Startseite","item":"https:\/\/fliesen-schoon.de\/web\/"},{"@type":"ListItem","position":2,"name":"REPARATURDIENST"}]},{"@type":"WebSite","@id":"https:\/\/fliesen-schoon.de\/web\/#website","url":"https:\/\/fliesen-schoon.de\/web\/","name":"Fliesen Schoon","description":"Fliesenfachgesch\u00e4ft","potentialAction":[{"@type":"SearchAction","target":{"@type":"EntryPoint","urlTemplate":"https:\/\/fliesen-schoon.de\/web\/?s={search_term_string}"},"query-input":"required name=search_term_string"}],"inLanguage":"de"}]}},"_links":{"self":[{"href":"https:\/\/fliesen-schoon.de\/web\/wp-json\/wp\/v2\/pages\/4175"}],"collection":[{"href":"https:\/\/fliesen-schoon.de\/web\/wp-json\/wp\/v2\/pages"}],"about":[{"href":"https:\/\/fliesen-schoon.de\/web\/wp-json\/wp\/v2\/types\/page"}],"author":[{"embeddable":true,"href":"https:\/\/fliesen-schoon.de\/web\/wp-json\/wp\/v2\/users\/1"}],"replies":[{"embeddable":true,"href":"https:\/\/fliesen-schoon.de\/web\/wp-json\/wp\/v2\/comments?post=4175"}],"version-history":[{"count":84,"href":"https:\/\/fliesen-schoon.de\/web\/wp-json\/wp\/v2\/pages\/4175\/revisions"}],"predecessor-version":[{"id":5048,"href":"https:\/\/fliesen-schoon.de\/web\/wp-json\/wp\/v2\/pages\/4175\/revisions\/5048"}],"wp:featuredmedia":[{"embeddable":true,"href":"https:\/\/fliesen-schoon.de\/web\/wp-json\/wp\/v2\/media\/3920"}],"wp:attachment":[{"href":"https:\/\/fliesen-schoon.de\/web\/wp-json\/wp\/v2\/media?parent=4175"}],"curies":[{"name":"wp","href":"https:\/\/api.w.org\/{rel}","templated":true}]}}