{"id":4177,"date":"2017-11-28T17:13:50","date_gmt":"2017-11-28T16:13:50","guid":{"rendered":"http:\/\/fliesen-schoon.de\/web\/?page_id=4177"},"modified":"2022-11-16T15:15:07","modified_gmt":"2022-11-16T14:15:07","slug":"sanierung","status":"publish","type":"page","link":"https:\/\/fliesen-schoon.de\/web\/sanierung\/","title":{"rendered":"SANIERUNG"},"content":{"rendered":"<section class=\"wpb-content-wrapper\"><p>[vc_row tlg_padding=&#8220;pb0&#8243; css=&#8220;.vc_custom_1668608088490{padding: 40px !important;}&#8220;][vc_column]<div class=\"headings-title\"><div class=\"mb16  mb-xs-40 text-left\"><h5  class=\"widgettitle \">Sanierung<\/h5><div class=\"divider-wrap\"><div class=\"tlg-divider\"><\/div><\/div><\/div><\/div>[vc_column_text]Es gibt viele unterschiedliche Gr\u00fcnde f\u00fcr eine Sanierung von Fliesen. Der Fliesenbelag ist unansehnlich geworden, Fliesen sind kaputt, Fliesenfugen oder Silikonfugen sind gerissen oder es sollen einfach neue Fliesen verlegt werden.<\/p>\n<p>Geben Sie Ihren Traum von z.B. einem neuen Bad in zuverl\u00e4ssige und kompetente H\u00e4nde. Lassen Sie sich von der Qualit\u00e4t unserer Arbeit \u00fcberzeugen und holen Sie sich ein unverbindliches Angebot ein.[\/vc_column_text][\/vc_column][\/vc_row][vc_row tlg_padding=&#8220;pt64 pb64&#8243; css=&#8220;.vc_custom_1668608096181{padding: 40px !important;}&#8220;][vc_column]<script type=\"text\/javascript\">jQuery(document).ready(function(){jQuery('head').append('<style type=\"text\/css\" id=\"tlg-custom-css-team-69fc91b482799\">#team-69fc91b482799 .inner-title:before{background:#92b8be!important;}<\/style>');});<\/script><div id=\"team-69fc91b482799\"><div class=\" row\"><div class=\"col-sm-4 text-center mb8 org-col\">\n    <div class=\"image-box image-round inner-title hover-reveal text-center mb0\">\n        <img width=\"644\" height=\"644\" src=\"https:\/\/fliesen-schoon.de\/wp-content\/uploads\/2015\/12\/sanierung-5.jpg\" class=\"attachment-full size-full wp-post-image\" alt=\"\" decoding=\"async\" loading=\"lazy\" srcset=\"https:\/\/fliesen-schoon.de\/wp-content\/uploads\/2015\/12\/sanierung-5.jpg 644w, https:\/\/fliesen-schoon.de\/wp-content\/uploads\/2015\/12\/sanierung-5-150x150.jpg 150w, https:\/\/fliesen-schoon.de\/wp-content\/uploads\/2015\/12\/sanierung-5-300x300.jpg 300w, https:\/\/fliesen-schoon.de\/wp-content\/uploads\/2015\/12\/sanierung-5-60x60.jpg 60w\" sizes=\"(max-width: 644px) 100vw, 644px\" \/>        <div class=\"title\">\n            <h4 class=\"mb0\">\n            Fliesen reinigen            <\/h4>\n                        <div class=\"content sms-text mt16 mb8\">Manche Fliesen k\u00f6nnen \u00fcber einen gewissen Zeitraum verschmutzen. Mit speziellen Fliesenreinigern sind wir in der Lage Abhilfe zu schaffen und alte Fliesen in neuem Glanz erscheinen zu lassen.<\/div>                    <\/div>\n    <\/div>\n<\/div><div class=\"col-sm-4 text-center mb8 org-col\">\n    <div class=\"image-box image-round inner-title hover-reveal text-center mb0\">\n        <img width=\"644\" height=\"644\" src=\"https:\/\/fliesen-schoon.de\/wp-content\/uploads\/2015\/12\/sanierung-4.jpg\" class=\"attachment-full size-full wp-post-image\" alt=\"\" decoding=\"async\" loading=\"lazy\" srcset=\"https:\/\/fliesen-schoon.de\/wp-content\/uploads\/2015\/12\/sanierung-4.jpg 644w, https:\/\/fliesen-schoon.de\/wp-content\/uploads\/2015\/12\/sanierung-4-150x150.jpg 150w, https:\/\/fliesen-schoon.de\/wp-content\/uploads\/2015\/12\/sanierung-4-300x300.jpg 300w, https:\/\/fliesen-schoon.de\/wp-content\/uploads\/2015\/12\/sanierung-4-60x60.jpg 60w\" sizes=\"(max-width: 644px) 100vw, 644px\" \/>        <div class=\"title\">\n            <h4 class=\"mb0\">\n            <a class=\"link-light-title\" href=\"#\">Fugen reinigen<\/a>            <\/h4>\n                        <div class=\"content sms-text mt16 mb8\">Auch Fliesenfugen k\u00f6nnen \u00fcber die Zeit verschmutzen, da die Oberfl\u00e4che weniger glatt ist, als die der Fliesen selbst. Mit speziellen Fugenreiniger k\u00f6nnen wir die Fliesenfugen vom Schmutz zu befreien.<\/div>                    <\/div>\n    <\/div>\n<\/div><div class=\"col-sm-4 text-center mb8 org-col\">\n    <div class=\"image-box image-round inner-title hover-reveal text-center mb0\">\n        <img width=\"644\" height=\"644\" src=\"https:\/\/fliesen-schoon.de\/wp-content\/uploads\/2015\/12\/sanierung-3.jpg\" class=\"attachment-full size-full wp-post-image\" alt=\"\" decoding=\"async\" loading=\"lazy\" srcset=\"https:\/\/fliesen-schoon.de\/wp-content\/uploads\/2015\/12\/sanierung-3.jpg 644w, https:\/\/fliesen-schoon.de\/wp-content\/uploads\/2015\/12\/sanierung-3-150x150.jpg 150w, https:\/\/fliesen-schoon.de\/wp-content\/uploads\/2015\/12\/sanierung-3-300x300.jpg 300w, https:\/\/fliesen-schoon.de\/wp-content\/uploads\/2015\/12\/sanierung-3-60x60.jpg 60w\" sizes=\"(max-width: 644px) 100vw, 644px\" \/>        <div class=\"title\">\n            <h4 class=\"mb0\">\n            <a class=\"link-light-title\" href=\"#\">Totalsanierung<\/a>            <\/h4>\n                        <div class=\"content sms-text mt16 mb8\">Eine Totalsanierung bedeutet einen Neuanfang und gibt Ihnen die M\u00f6glichkeit, dass alte Jahre Bad komplett umzugestalten. Auch f\u00fcr kleine B\u00e4der gibt es tolle M\u00f6glichkeiten, sich eine kleine Oase zu schaffen.<\/div>                    <\/div>\n    <\/div>\n<\/div><\/div><div class=\"row mt24\"><\/div><\/div>[\/vc_column][\/vc_row][vc_row tlg_padding=&#8220;pt0&#8243; css=&#8220;.vc_custom_1668608105263{padding: 40px !important;}&#8220;][vc_column]<div class=\"headings-title\"><div class=\"mb16  mb-xs-40 text-left\"><h5  class=\"widgettitle \">Sanierung und Modernisierung<\/h5><div class=\"divider-wrap\"><div class=\"tlg-divider\"><\/div><\/div><\/div><\/div>[vc_column_text]Planen Sie eine Modernisierung oder Sanierung Ihrer verfliesten R\u00e4umlichkeiten, so stellen sich Ihnen sicherlich zahlreiche Fragen. Aufgrund von diversen baulichen Unterschieden ist jedoch stets eine Beratung und Planung vom Fachmann erforderlich.\u00a0 Dabei stehen wir Ihnen jederzeit gerne zur Verf\u00fcgung.[\/vc_column_text][\/vc_column][\/vc_row]<\/p>\n<\/section>","protected":false},"excerpt":{"rendered":"<p>[vc_row tlg_padding=&#8220;pb0&#8243; css=&#8220;.vc_custom_1668608088490{padding: 40px !important;}&#8220;][vc_column][vc_column_text]Es gibt viele unterschiedliche Gr\u00fcnde f\u00fcr eine Sanierung von Fliesen. Der Fliesenbelag&#8230;<\/p>\n","protected":false},"author":1,"featured_media":4355,"parent":0,"menu_order":0,"comment_status":"closed","ping_status":"closed","template":"","meta":[],"yoast_head":"<!-- This site is optimized with the Yoast SEO plugin v19.10 - https:\/\/yoast.com\/wordpress\/plugins\/seo\/ -->\n<title>SANIERUNG - Fliesen Schoon<\/title>\n<meta name=\"description\" content=\"Es gibt viele unterschiedliche Gr\u00fcnde f\u00fcr eine Sanierung von Fliesen. Der Fliesen Belag ist unansehnlich geworden, Fliesen sind kaputt, Fliesenfugen oder...\" \/>\n<meta name=\"robots\" content=\"index, follow, max-snippet:-1, max-image-preview:large, max-video-preview:-1\" \/>\n<link rel=\"canonical\" href=\"https:\/\/fliesen-schoon.de\/web\/sanierung\/\" \/>\n<meta property=\"og:locale\" content=\"de_DE\" \/>\n<meta property=\"og:type\" content=\"article\" \/>\n<meta property=\"og:title\" content=\"SANIERUNG - Fliesen Schoon\" \/>\n<meta property=\"og:description\" content=\"Es gibt viele unterschiedliche Gr\u00fcnde f\u00fcr eine Sanierung von Fliesen. Der Fliesen Belag ist unansehnlich geworden, Fliesen sind kaputt, Fliesenfugen oder...\" \/>\n<meta property=\"og:url\" content=\"https:\/\/fliesen-schoon.de\/web\/sanierung\/\" \/>\n<meta property=\"og:site_name\" content=\"Fliesen Schoon\" \/>\n<meta property=\"article:modified_time\" content=\"2022-11-16T14:15:07+00:00\" \/>\n<meta property=\"og:image\" content=\"https:\/\/fliesen-schoon.de\/wp-content\/uploads\/2017\/12\/sanierung.jpg\" \/>\n\t<meta property=\"og:image:width\" content=\"1900\" \/>\n\t<meta property=\"og:image:height\" content=\"485\" \/>\n\t<meta property=\"og:image:type\" content=\"image\/jpeg\" \/>\n<meta name=\"twitter:card\" content=\"summary_large_image\" \/>\n<meta name=\"twitter:label1\" content=\"Gesch\u00e4tzte Lesezeit\" \/>\n\t<meta name=\"twitter:data1\" content=\"1\u00a0Minute\" \/>\n<script type=\"application\/ld+json\" class=\"yoast-schema-graph\">{\"@context\":\"https:\/\/schema.org\",\"@graph\":[{\"@type\":\"WebPage\",\"@id\":\"https:\/\/fliesen-schoon.de\/web\/sanierung\/\",\"url\":\"https:\/\/fliesen-schoon.de\/web\/sanierung\/\",\"name\":\"SANIERUNG - Fliesen Schoon\",\"isPartOf\":{\"@id\":\"https:\/\/fliesen-schoon.de\/web\/#website\"},\"datePublished\":\"2017-11-28T16:13:50+00:00\",\"dateModified\":\"2022-11-16T14:15:07+00:00\",\"description\":\"Es gibt viele unterschiedliche Gr\u00fcnde f\u00fcr eine Sanierung von Fliesen. Der Fliesen Belag ist unansehnlich geworden, Fliesen sind kaputt, Fliesenfugen oder...\",\"breadcrumb\":{\"@id\":\"https:\/\/fliesen-schoon.de\/web\/sanierung\/#breadcrumb\"},\"inLanguage\":\"de\",\"potentialAction\":[{\"@type\":\"ReadAction\",\"target\":[\"https:\/\/fliesen-schoon.de\/web\/sanierung\/\"]}]},{\"@type\":\"BreadcrumbList\",\"@id\":\"https:\/\/fliesen-schoon.de\/web\/sanierung\/#breadcrumb\",\"itemListElement\":[{\"@type\":\"ListItem\",\"position\":1,\"name\":\"Startseite\",\"item\":\"https:\/\/fliesen-schoon.de\/web\/\"},{\"@type\":\"ListItem\",\"position\":2,\"name\":\"SANIERUNG\"}]},{\"@type\":\"WebSite\",\"@id\":\"https:\/\/fliesen-schoon.de\/web\/#website\",\"url\":\"https:\/\/fliesen-schoon.de\/web\/\",\"name\":\"Fliesen Schoon\",\"description\":\"Fliesenfachgesch\u00e4ft\",\"potentialAction\":[{\"@type\":\"SearchAction\",\"target\":{\"@type\":\"EntryPoint\",\"urlTemplate\":\"https:\/\/fliesen-schoon.de\/web\/?s={search_term_string}\"},\"query-input\":\"required name=search_term_string\"}],\"inLanguage\":\"de\"}]}<\/script>\n<!-- \/ Yoast SEO plugin. -->","yoast_head_json":{"title":"SANIERUNG - Fliesen Schoon","description":"Es gibt viele unterschiedliche Gr\u00fcnde f\u00fcr eine Sanierung von Fliesen. Der Fliesen Belag ist unansehnlich geworden, Fliesen sind kaputt, Fliesenfugen oder...","robots":{"index":"index","follow":"follow","max-snippet":"max-snippet:-1","max-image-preview":"max-image-preview:large","max-video-preview":"max-video-preview:-1"},"canonical":"https:\/\/fliesen-schoon.de\/web\/sanierung\/","og_locale":"de_DE","og_type":"article","og_title":"SANIERUNG - Fliesen Schoon","og_description":"Es gibt viele unterschiedliche Gr\u00fcnde f\u00fcr eine Sanierung von Fliesen. Der Fliesen Belag ist unansehnlich geworden, Fliesen sind kaputt, Fliesenfugen oder...","og_url":"https:\/\/fliesen-schoon.de\/web\/sanierung\/","og_site_name":"Fliesen Schoon","article_modified_time":"2022-11-16T14:15:07+00:00","og_image":[{"width":1900,"height":485,"url":"https:\/\/fliesen-schoon.de\/wp-content\/uploads\/2017\/12\/sanierung.jpg","type":"image\/jpeg"}],"twitter_card":"summary_large_image","twitter_misc":{"Gesch\u00e4tzte Lesezeit":"1\u00a0Minute"},"schema":{"@context":"https:\/\/schema.org","@graph":[{"@type":"WebPage","@id":"https:\/\/fliesen-schoon.de\/web\/sanierung\/","url":"https:\/\/fliesen-schoon.de\/web\/sanierung\/","name":"SANIERUNG - Fliesen Schoon","isPartOf":{"@id":"https:\/\/fliesen-schoon.de\/web\/#website"},"datePublished":"2017-11-28T16:13:50+00:00","dateModified":"2022-11-16T14:15:07+00:00","description":"Es gibt viele unterschiedliche Gr\u00fcnde f\u00fcr eine Sanierung von Fliesen. Der Fliesen Belag ist unansehnlich geworden, Fliesen sind kaputt, Fliesenfugen oder...","breadcrumb":{"@id":"https:\/\/fliesen-schoon.de\/web\/sanierung\/#breadcrumb"},"inLanguage":"de","potentialAction":[{"@type":"ReadAction","target":["https:\/\/fliesen-schoon.de\/web\/sanierung\/"]}]},{"@type":"BreadcrumbList","@id":"https:\/\/fliesen-schoon.de\/web\/sanierung\/#breadcrumb","itemListElement":[{"@type":"ListItem","position":1,"name":"Startseite","item":"https:\/\/fliesen-schoon.de\/web\/"},{"@type":"ListItem","position":2,"name":"SANIERUNG"}]},{"@type":"WebSite","@id":"https:\/\/fliesen-schoon.de\/web\/#website","url":"https:\/\/fliesen-schoon.de\/web\/","name":"Fliesen Schoon","description":"Fliesenfachgesch\u00e4ft","potentialAction":[{"@type":"SearchAction","target":{"@type":"EntryPoint","urlTemplate":"https:\/\/fliesen-schoon.de\/web\/?s={search_term_string}"},"query-input":"required name=search_term_string"}],"inLanguage":"de"}]}},"_links":{"self":[{"href":"https:\/\/fliesen-schoon.de\/web\/wp-json\/wp\/v2\/pages\/4177"}],"collection":[{"href":"https:\/\/fliesen-schoon.de\/web\/wp-json\/wp\/v2\/pages"}],"about":[{"href":"https:\/\/fliesen-schoon.de\/web\/wp-json\/wp\/v2\/types\/page"}],"author":[{"embeddable":true,"href":"https:\/\/fliesen-schoon.de\/web\/wp-json\/wp\/v2\/users\/1"}],"replies":[{"embeddable":true,"href":"https:\/\/fliesen-schoon.de\/web\/wp-json\/wp\/v2\/comments?post=4177"}],"version-history":[{"count":24,"href":"https:\/\/fliesen-schoon.de\/web\/wp-json\/wp\/v2\/pages\/4177\/revisions"}],"predecessor-version":[{"id":5049,"href":"https:\/\/fliesen-schoon.de\/web\/wp-json\/wp\/v2\/pages\/4177\/revisions\/5049"}],"wp:featuredmedia":[{"embeddable":true,"href":"https:\/\/fliesen-schoon.de\/web\/wp-json\/wp\/v2\/media\/4355"}],"wp:attachment":[{"href":"https:\/\/fliesen-schoon.de\/web\/wp-json\/wp\/v2\/media?parent=4177"}],"curies":[{"name":"wp","href":"https:\/\/api.w.org\/{rel}","templated":true}]}}