{"id":4190,"date":"2017-11-28T17:30:35","date_gmt":"2017-11-28T16:30:35","guid":{"rendered":"http:\/\/fliesen-schoon.de\/web\/?page_id=4190"},"modified":"2025-09-21T17:03:01","modified_gmt":"2025-09-21T15:03:01","slug":"impressum","status":"publish","type":"page","link":"https:\/\/fliesen-schoon.de\/web\/impressum\/","title":{"rendered":"IMPRESSUM"},"content":{"rendered":"<section class=\"wpb-content-wrapper\"><p>[vc_row css=&#8220;.vc_custom_1668607764058{padding: 40px !important;}&#8220;][vc_column]<div class=\"headings-title\"><div class=\"mb16  mb-xs-40 text-left\"><h5  class=\"widgettitle \">Impressum<\/h5><div class=\"divider-wrap\"><div class=\"tlg-divider\"><\/div><\/div><\/div><\/div>[vc_column_text]Anbieterkennzeichnung gem. \u00a7 5 TMG<\/p>\n<p><strong>Fliesen Schoon<\/strong><br \/>\nHans-J\u00f6rg Schoon<br \/>\nFriesenstr. 7<br \/>\n26632 Ihlow \/ Ochtelbur<\/p>\n<p><strong>Kontakt<\/strong><br \/>\nTelefon: 04928 &#8211; 554<br \/>\nE-Mail: info@fliesen-schoon.de<\/p>\n<p><strong>Umsatzsteuer-ID<\/strong><br \/>\nUmsatzsteuer-Identifikationsnummer gem\u00e4\u00df \u00a727 a Umsatzsteuergesetz: DE357977565[\/vc_column_text][\/vc_column][\/vc_row][vc_row tlg_padding=&#8220;pt0&#8243; css=&#8220;.vc_custom_1668607772262{padding: 40px !important;}&#8220;][vc_column][vc_column_text]<strong>Disclaimer<\/strong><br \/>\nDie Inhalte unserer Internetseiten unterliegen einem permanenten Wandel (z.B. technischer Fortschritt, Ver\u00e4nderungen der Gesetzgebung). Fliesen Schoon haftet insbesondere nicht f\u00fcr unmittelbare oder mittelbare Sch\u00e4den (vertraglich und au\u00dfervertraglich) aufgrund der Benutzung der Daten dieser Internetseiten.<\/p>\n<p>Fliesen Schoon \u00fcbernimmt keine Haftung oder Garantie, f\u00fcr den Inhalt von Internetseiten, auf die unsere Website direkt oder indirekt verweist. Besucher folgen Verbindungen zu anderen Websites und Homepages auf eigene Gefahr und benutzen sie gem\u00e4\u00df den jeweils geltenden Nutzungsbedingungen der entsprechenden Websites.<\/p>\n<p>F\u00fcr Anregungen und Hinweise sind wir stets dankbar.<br \/>\nE-Mail:\u00a0info@fliesen-schoon.de<\/p>\n<p>&nbsp;<\/p>\n<p><strong>Copyright<\/strong><br \/>\nAlle Texte, Bilder, Audio-Dateien und weitere hier ver\u00f6ffentlichte Informationen, mit Ausnahme der gekennzeichneten Artikel, unterliegen dem Copyright von Fliesen Schoon. Eine Reproduktion oder Wiedergabe des Ganzen oder von Teilen ist ohne die schriftliche Genehmigung durch Fliesen Schoon, ausgeschlossen.<\/p>\n<p><strong>EU-Streitschlichtung<\/strong><br \/>\nDie Europ\u00e4ische Kommission stellt eine Plattform zur Online-Streitbeilegung (OS) bereit: <a href=\"https:\/\/ec.europa.eu\/consumers\/odr\/\" target=\"_blank\" rel=\"noopener noreferrer\">https:\/\/ec.europa.eu\/consumers\/odr\/<\/a>.<br \/>\nUnsere E-Mail-Adresse finden Sie oben im Impressum.<\/p>\n<p><strong>Verbraucher\u00adstreit\u00adbeilegung\/Universal\u00adschlichtungs\u00adstelle<\/strong><br \/>\nWir sind nicht bereit oder verpflichtet, an Streitbeilegungsverfahren vor einer Verbraucherschlichtungsstelle teilzunehmen.[\/vc_column_text][\/vc_column][\/vc_row][vc_row css=&#8220;.vc_custom_1668607789811{padding: 40px !important;}&#8220;][vc_column]<div class=\"headings-title\"><div class=\"mb16  mb-xs-40 text-left\"><h5  class=\"widgettitle \">Bildnachweis<\/h5><div class=\"divider-wrap\"><div class=\"tlg-divider\"><\/div><\/div><\/div><\/div>[vc_column_text]Alle verwendeten Logos, Markenzeichen oder -namen sind Eigentum der jeweiligen Firmen oder Einrichtungen.[\/vc_column_text][\/vc_column][\/vc_row]<\/p>\n<\/section>","protected":false},"excerpt":{"rendered":"<p>[vc_row css=&#8220;.vc_custom_1668607764058{padding: 40px !important;}&#8220;][vc_column][vc_column_text]Anbieterkennzeichnung gem. \u00a7 5 TMG Fliesen Schoon Hans-J\u00f6rg Schoon Friesenstr. 7 26632 Ihlow&#8230;<\/p>\n","protected":false},"author":1,"featured_media":4330,"parent":0,"menu_order":0,"comment_status":"closed","ping_status":"closed","template":"","meta":[],"yoast_head":"<!-- This site is optimized with the Yoast SEO plugin v19.10 - https:\/\/yoast.com\/wordpress\/plugins\/seo\/ -->\n<title>IMPRESSUM - Fliesen Schoon<\/title>\n<meta name=\"robots\" content=\"index, follow, max-snippet:-1, max-image-preview:large, max-video-preview:-1\" \/>\n<link rel=\"canonical\" href=\"https:\/\/fliesen-schoon.de\/web\/impressum\/\" \/>\n<meta property=\"og:locale\" content=\"de_DE\" \/>\n<meta property=\"og:type\" content=\"article\" \/>\n<meta property=\"og:title\" content=\"IMPRESSUM - Fliesen Schoon\" \/>\n<meta property=\"og:description\" content=\"[vc_row css=&#8220;.vc_custom_1668607764058{padding: 40px !important;}&#8220;][vc_column][vc_column_text]Anbieterkennzeichnung gem. \u00a7 5 TMG Fliesen Schoon Hans-J\u00f6rg Schoon Friesenstr. 7 26632 Ihlow...\" \/>\n<meta property=\"og:url\" content=\"https:\/\/fliesen-schoon.de\/web\/impressum\/\" \/>\n<meta property=\"og:site_name\" content=\"Fliesen Schoon\" \/>\n<meta property=\"article:modified_time\" content=\"2025-09-21T15:03:01+00:00\" \/>\n<meta property=\"og:image\" content=\"https:\/\/fliesen-schoon.de\/wp-content\/uploads\/2017\/12\/ueber-uns.jpg\" \/>\n\t<meta property=\"og:image:width\" content=\"1900\" \/>\n\t<meta property=\"og:image:height\" content=\"485\" \/>\n\t<meta property=\"og:image:type\" content=\"image\/jpeg\" \/>\n<meta name=\"twitter:card\" content=\"summary_large_image\" \/>\n<meta name=\"twitter:label1\" content=\"Gesch\u00e4tzte Lesezeit\" \/>\n\t<meta name=\"twitter:data1\" content=\"2\u00a0Minuten\" \/>\n<script type=\"application\/ld+json\" class=\"yoast-schema-graph\">{\"@context\":\"https:\/\/schema.org\",\"@graph\":[{\"@type\":\"WebPage\",\"@id\":\"https:\/\/fliesen-schoon.de\/web\/impressum\/\",\"url\":\"https:\/\/fliesen-schoon.de\/web\/impressum\/\",\"name\":\"IMPRESSUM - Fliesen Schoon\",\"isPartOf\":{\"@id\":\"https:\/\/fliesen-schoon.de\/web\/#website\"},\"datePublished\":\"2017-11-28T16:30:35+00:00\",\"dateModified\":\"2025-09-21T15:03:01+00:00\",\"breadcrumb\":{\"@id\":\"https:\/\/fliesen-schoon.de\/web\/impressum\/#breadcrumb\"},\"inLanguage\":\"de\",\"potentialAction\":[{\"@type\":\"ReadAction\",\"target\":[\"https:\/\/fliesen-schoon.de\/web\/impressum\/\"]}]},{\"@type\":\"BreadcrumbList\",\"@id\":\"https:\/\/fliesen-schoon.de\/web\/impressum\/#breadcrumb\",\"itemListElement\":[{\"@type\":\"ListItem\",\"position\":1,\"name\":\"Startseite\",\"item\":\"https:\/\/fliesen-schoon.de\/web\/\"},{\"@type\":\"ListItem\",\"position\":2,\"name\":\"IMPRESSUM\"}]},{\"@type\":\"WebSite\",\"@id\":\"https:\/\/fliesen-schoon.de\/web\/#website\",\"url\":\"https:\/\/fliesen-schoon.de\/web\/\",\"name\":\"Fliesen Schoon\",\"description\":\"Fliesenfachgesch\u00e4ft\",\"potentialAction\":[{\"@type\":\"SearchAction\",\"target\":{\"@type\":\"EntryPoint\",\"urlTemplate\":\"https:\/\/fliesen-schoon.de\/web\/?s={search_term_string}\"},\"query-input\":\"required name=search_term_string\"}],\"inLanguage\":\"de\"}]}<\/script>\n<!-- \/ Yoast SEO plugin. -->","yoast_head_json":{"title":"IMPRESSUM - Fliesen Schoon","robots":{"index":"index","follow":"follow","max-snippet":"max-snippet:-1","max-image-preview":"max-image-preview:large","max-video-preview":"max-video-preview:-1"},"canonical":"https:\/\/fliesen-schoon.de\/web\/impressum\/","og_locale":"de_DE","og_type":"article","og_title":"IMPRESSUM - Fliesen Schoon","og_description":"[vc_row css=&#8220;.vc_custom_1668607764058{padding: 40px !important;}&#8220;][vc_column][vc_column_text]Anbieterkennzeichnung gem. \u00a7 5 TMG Fliesen Schoon Hans-J\u00f6rg Schoon Friesenstr. 7 26632 Ihlow...","og_url":"https:\/\/fliesen-schoon.de\/web\/impressum\/","og_site_name":"Fliesen Schoon","article_modified_time":"2025-09-21T15:03:01+00:00","og_image":[{"width":1900,"height":485,"url":"https:\/\/fliesen-schoon.de\/wp-content\/uploads\/2017\/12\/ueber-uns.jpg","type":"image\/jpeg"}],"twitter_card":"summary_large_image","twitter_misc":{"Gesch\u00e4tzte Lesezeit":"2\u00a0Minuten"},"schema":{"@context":"https:\/\/schema.org","@graph":[{"@type":"WebPage","@id":"https:\/\/fliesen-schoon.de\/web\/impressum\/","url":"https:\/\/fliesen-schoon.de\/web\/impressum\/","name":"IMPRESSUM - Fliesen Schoon","isPartOf":{"@id":"https:\/\/fliesen-schoon.de\/web\/#website"},"datePublished":"2017-11-28T16:30:35+00:00","dateModified":"2025-09-21T15:03:01+00:00","breadcrumb":{"@id":"https:\/\/fliesen-schoon.de\/web\/impressum\/#breadcrumb"},"inLanguage":"de","potentialAction":[{"@type":"ReadAction","target":["https:\/\/fliesen-schoon.de\/web\/impressum\/"]}]},{"@type":"BreadcrumbList","@id":"https:\/\/fliesen-schoon.de\/web\/impressum\/#breadcrumb","itemListElement":[{"@type":"ListItem","position":1,"name":"Startseite","item":"https:\/\/fliesen-schoon.de\/web\/"},{"@type":"ListItem","position":2,"name":"IMPRESSUM"}]},{"@type":"WebSite","@id":"https:\/\/fliesen-schoon.de\/web\/#website","url":"https:\/\/fliesen-schoon.de\/web\/","name":"Fliesen Schoon","description":"Fliesenfachgesch\u00e4ft","potentialAction":[{"@type":"SearchAction","target":{"@type":"EntryPoint","urlTemplate":"https:\/\/fliesen-schoon.de\/web\/?s={search_term_string}"},"query-input":"required name=search_term_string"}],"inLanguage":"de"}]}},"_links":{"self":[{"href":"https:\/\/fliesen-schoon.de\/web\/wp-json\/wp\/v2\/pages\/4190"}],"collection":[{"href":"https:\/\/fliesen-schoon.de\/web\/wp-json\/wp\/v2\/pages"}],"about":[{"href":"https:\/\/fliesen-schoon.de\/web\/wp-json\/wp\/v2\/types\/page"}],"author":[{"embeddable":true,"href":"https:\/\/fliesen-schoon.de\/web\/wp-json\/wp\/v2\/users\/1"}],"replies":[{"embeddable":true,"href":"https:\/\/fliesen-schoon.de\/web\/wp-json\/wp\/v2\/comments?post=4190"}],"version-history":[{"count":39,"href":"https:\/\/fliesen-schoon.de\/web\/wp-json\/wp\/v2\/pages\/4190\/revisions"}],"predecessor-version":[{"id":5079,"href":"https:\/\/fliesen-schoon.de\/web\/wp-json\/wp\/v2\/pages\/4190\/revisions\/5079"}],"wp:featuredmedia":[{"embeddable":true,"href":"https:\/\/fliesen-schoon.de\/web\/wp-json\/wp\/v2\/media\/4330"}],"wp:attachment":[{"href":"https:\/\/fliesen-schoon.de\/web\/wp-json\/wp\/v2\/media?parent=4190"}],"curies":[{"name":"wp","href":"https:\/\/api.w.org\/{rel}","templated":true}]}}