{"id":4658,"date":"2017-12-07T16:15:26","date_gmt":"2017-12-07T15:15:26","guid":{"rendered":"http:\/\/fliesen-schoon.de\/web\/?page_id=4658"},"modified":"2022-11-16T15:10:41","modified_gmt":"2022-11-16T14:10:41","slug":"kleinformate","status":"publish","type":"page","link":"https:\/\/fliesen-schoon.de\/web\/kleinformate\/","title":{"rendered":"KLEINFORMATE"},"content":{"rendered":"<section class=\"wpb-content-wrapper\"><p>[vc_row tlg_padding=&#8220;pt64 pb64&#8243; css=&#8220;.vc_custom_1668607818604{padding: 40px !important;}&#8220;][vc_column width=&#8220;2\/3&#8243;]<div class=\"headings-title\"><div class=\"mb16  mb-xs-40 text-left\"><h5  class=\"widgettitle \">Kleinformate<\/h5><div class=\"divider-wrap\"><div class=\"tlg-divider\"><\/div><\/div><\/div><\/div>[vc_column_text]Sie sind auf der Suche nach kleinformatigen alten Fliesen, Austauschfliesen oder Reservefliesen? Ihre Fliesen gibt es nicht mehr im Handel zu kaufen oder Sie ben\u00f6tigen nur eine gewisse Menge an Kleinformaten?<\/p>\n<p>In unserem Lager verf\u00fcgen wir \u00fcber Fliesen im Kleinformat die \u00fcber den normalen Fliesenhandel nicht mehr zu beschaffen sind. Wir f\u00fchren Fliesen von namhaften Herstellern wie z.B. Villeroy &amp; Boch, Steuler, Sphinx, Kerateam, Pavigres und viele weitere. [\/vc_column_text][\/vc_column][vc_column width=&#8220;1\/3&#8243; css=&#8220;.vc_custom_1512663930822{padding-left: 22px !important;}&#8220;][vc_column_text]<div style=\"border: 4px double #bbb;color:#565656;margin: 3em 0;padding: 30px;\"><h4 class=\"legend\" style=\"font-size: 16px;color:#bbb;float: left;left: 11px; line-height: 18px; margin: 0 0 -9px !important; padding: 0 10px; position: relative; text-transform: uppercase; top: -41px;\">INFO<\/h4><p style=\"clear: both;margin: 7px;\">Kleinformatige Fliesen oder auch Kleinformate genannt, sind bei uns in den Gr\u00f6\u00dfen 15x15cm, 15x20cm, 20x25cm oder auch 25x33cm erh\u00e4ltlich.<\/p><\/div>[\/vc_column_text][\/vc_column][\/vc_row][vc_row tlg_background_style=&#8220;bg-secondary&#8220; tlg_padding=&#8220;pt0&#8243; tlg_parallax=&#8220;not-parallax&#8220; tlg_vertical_align=&#8220;yes&#8220; css=&#8220;.vc_custom_1668607831462{padding-top: 100px !important;padding-right: 40px !important;padding-bottom: 40px !important;padding-left: 40px !important;background-color: rgba(248,248,248,0.9) !important;*background-color: rgb(248,248,248) !important;}&#8220;][vc_column width=&#8220;1\/3&#8243;][vc_single_image image=&#8220;4713&#8243; img_size=&#8220;full&#8220; style=&#8220;vc_box_shadow_border_circle_2&#8243;][\/vc_column][vc_column width=&#8220;2\/3&#8243;]<div class=\"headings-title\"><div class=\"mb16 mb-xs-40 text-left\"><div style=\"font-size:13px;line-height:18px;text-transform: none!important;\" class=\"widgetsubtitle mb8\">Sie suchen eine bestimmte Fliese?<\/div><h5 style=\"text-transform: uppercase!important;\" class=\"widgettitle mb0\">UND SO FUNKTIONIERTS<\/h5><\/div><\/div>[vc_column_text]Kontaktieren Sie uns per Telefon (04928 \u2013 554) oder Email (info@fliesen-schoon.de) und teilen Sie uns zum Abgleich folgende Angaben mit: Hersteller, Artikelnummer, evtl. die Brandfarbe, ben\u00f6tigte Menge und die genaue Gr\u00f6\u00dfe der gesuchten Fliese.[\/vc_column_text]<div class=\"tlg-spacer\" data-height=\"35\" data-height-tablet=\"35\" data-height-mobile=\"35\" style=\"clear:both;display:block;height:35px;\"><\/div><div class=\"\"><a  id=\"btn-69fc914f0b461\" class=\"btn btn-filled btn-rounded  ti-comment  btn-sm-sm\" href= \"\/web\/kontakt\" target=\"_self\" >Kontaktieren Sie uns<\/a><\/div>[\/vc_column][\/vc_row][vc_row css=&#8220;.vc_custom_1668607839267{padding: 40px !important;}&#8220;][vc_column]<div class=\"headings-title\"><div class=\"mb16  mb-xs-40 text-left\"><h5  class=\"widgettitle \">Kommen Sie vorbei<\/h5><div class=\"divider-wrap\"><div class=\"tlg-divider\"><\/div><\/div><\/div><\/div>[vc_column_text]Selbstverst\u00e4ndlich k\u00f6nnen Sie auch pers\u00f6nlich mit der gesuchten Fliese oder Fliesenmuster bei uns erscheinen. Der Verteil hierbei liegt auf der Hand: Wir k\u00f6nnen dann den Brand und die Oberfl\u00e4chenbeschaffenheit genau bestimmen.[\/vc_column_text][\/vc_column][\/vc_row]<\/p>\n<\/section>","protected":false},"excerpt":{"rendered":"<p>[vc_row tlg_padding=&#8220;pt64 pb64&#8243; css=&#8220;.vc_custom_1668607818604{padding: 40px !important;}&#8220;][vc_column width=&#8220;2\/3&#8243;][vc_column_text]Sie sind auf der Suche nach kleinformatigen alten Fliesen, Austauschfliesen&#8230;<\/p>\n","protected":false},"author":1,"featured_media":4660,"parent":0,"menu_order":0,"comment_status":"closed","ping_status":"closed","template":"","meta":[],"yoast_head":"<!-- This site is optimized with the Yoast SEO plugin v19.10 - https:\/\/yoast.com\/wordpress\/plugins\/seo\/ -->\n<title>KLEINFORMATE - Fliesen Schoon<\/title>\n<meta name=\"description\" content=\"Sie sind auf der Suche nach kleinformatigen alten Fliesen, Austauschfliesen oder Reservefliesen? Ihre Fliesen gibt es nicht mehr im Handel zu kaufen oder...\" \/>\n<meta name=\"robots\" content=\"index, follow, max-snippet:-1, max-image-preview:large, max-video-preview:-1\" \/>\n<link rel=\"canonical\" href=\"https:\/\/fliesen-schoon.de\/web\/kleinformate\/\" \/>\n<meta property=\"og:locale\" content=\"de_DE\" \/>\n<meta property=\"og:type\" content=\"article\" \/>\n<meta property=\"og:title\" content=\"KLEINFORMATE - Fliesen Schoon\" \/>\n<meta property=\"og:description\" content=\"Sie sind auf der Suche nach kleinformatigen alten Fliesen, Austauschfliesen oder Reservefliesen? Ihre Fliesen gibt es nicht mehr im Handel zu kaufen oder...\" \/>\n<meta property=\"og:url\" content=\"https:\/\/fliesen-schoon.de\/web\/kleinformate\/\" \/>\n<meta property=\"og:site_name\" content=\"Fliesen Schoon\" \/>\n<meta property=\"article:modified_time\" content=\"2022-11-16T14:10:41+00:00\" \/>\n<meta property=\"og:image\" content=\"https:\/\/fliesen-schoon.de\/wp-content\/uploads\/2017\/12\/kleinformate.jpg\" \/>\n\t<meta property=\"og:image:width\" content=\"1900\" \/>\n\t<meta property=\"og:image:height\" content=\"485\" \/>\n\t<meta property=\"og:image:type\" content=\"image\/jpeg\" \/>\n<meta name=\"twitter:card\" content=\"summary_large_image\" \/>\n<meta name=\"twitter:label1\" content=\"Gesch\u00e4tzte Lesezeit\" \/>\n\t<meta name=\"twitter:data1\" content=\"2\u00a0Minuten\" \/>\n<script type=\"application\/ld+json\" class=\"yoast-schema-graph\">{\"@context\":\"https:\/\/schema.org\",\"@graph\":[{\"@type\":\"WebPage\",\"@id\":\"https:\/\/fliesen-schoon.de\/web\/kleinformate\/\",\"url\":\"https:\/\/fliesen-schoon.de\/web\/kleinformate\/\",\"name\":\"KLEINFORMATE - Fliesen Schoon\",\"isPartOf\":{\"@id\":\"https:\/\/fliesen-schoon.de\/web\/#website\"},\"datePublished\":\"2017-12-07T15:15:26+00:00\",\"dateModified\":\"2022-11-16T14:10:41+00:00\",\"description\":\"Sie sind auf der Suche nach kleinformatigen alten Fliesen, Austauschfliesen oder Reservefliesen? Ihre Fliesen gibt es nicht mehr im Handel zu kaufen oder...\",\"breadcrumb\":{\"@id\":\"https:\/\/fliesen-schoon.de\/web\/kleinformate\/#breadcrumb\"},\"inLanguage\":\"de\",\"potentialAction\":[{\"@type\":\"ReadAction\",\"target\":[\"https:\/\/fliesen-schoon.de\/web\/kleinformate\/\"]}]},{\"@type\":\"BreadcrumbList\",\"@id\":\"https:\/\/fliesen-schoon.de\/web\/kleinformate\/#breadcrumb\",\"itemListElement\":[{\"@type\":\"ListItem\",\"position\":1,\"name\":\"Startseite\",\"item\":\"https:\/\/fliesen-schoon.de\/web\/\"},{\"@type\":\"ListItem\",\"position\":2,\"name\":\"KLEINFORMATE\"}]},{\"@type\":\"WebSite\",\"@id\":\"https:\/\/fliesen-schoon.de\/web\/#website\",\"url\":\"https:\/\/fliesen-schoon.de\/web\/\",\"name\":\"Fliesen Schoon\",\"description\":\"Fliesenfachgesch\u00e4ft\",\"potentialAction\":[{\"@type\":\"SearchAction\",\"target\":{\"@type\":\"EntryPoint\",\"urlTemplate\":\"https:\/\/fliesen-schoon.de\/web\/?s={search_term_string}\"},\"query-input\":\"required name=search_term_string\"}],\"inLanguage\":\"de\"}]}<\/script>\n<!-- \/ Yoast SEO plugin. -->","yoast_head_json":{"title":"KLEINFORMATE - Fliesen Schoon","description":"Sie sind auf der Suche nach kleinformatigen alten Fliesen, Austauschfliesen oder Reservefliesen? Ihre Fliesen gibt es nicht mehr im Handel zu kaufen oder...","robots":{"index":"index","follow":"follow","max-snippet":"max-snippet:-1","max-image-preview":"max-image-preview:large","max-video-preview":"max-video-preview:-1"},"canonical":"https:\/\/fliesen-schoon.de\/web\/kleinformate\/","og_locale":"de_DE","og_type":"article","og_title":"KLEINFORMATE - Fliesen Schoon","og_description":"Sie sind auf der Suche nach kleinformatigen alten Fliesen, Austauschfliesen oder Reservefliesen? Ihre Fliesen gibt es nicht mehr im Handel zu kaufen oder...","og_url":"https:\/\/fliesen-schoon.de\/web\/kleinformate\/","og_site_name":"Fliesen Schoon","article_modified_time":"2022-11-16T14:10:41+00:00","og_image":[{"width":1900,"height":485,"url":"https:\/\/fliesen-schoon.de\/wp-content\/uploads\/2017\/12\/kleinformate.jpg","type":"image\/jpeg"}],"twitter_card":"summary_large_image","twitter_misc":{"Gesch\u00e4tzte Lesezeit":"2\u00a0Minuten"},"schema":{"@context":"https:\/\/schema.org","@graph":[{"@type":"WebPage","@id":"https:\/\/fliesen-schoon.de\/web\/kleinformate\/","url":"https:\/\/fliesen-schoon.de\/web\/kleinformate\/","name":"KLEINFORMATE - Fliesen Schoon","isPartOf":{"@id":"https:\/\/fliesen-schoon.de\/web\/#website"},"datePublished":"2017-12-07T15:15:26+00:00","dateModified":"2022-11-16T14:10:41+00:00","description":"Sie sind auf der Suche nach kleinformatigen alten Fliesen, Austauschfliesen oder Reservefliesen? Ihre Fliesen gibt es nicht mehr im Handel zu kaufen oder...","breadcrumb":{"@id":"https:\/\/fliesen-schoon.de\/web\/kleinformate\/#breadcrumb"},"inLanguage":"de","potentialAction":[{"@type":"ReadAction","target":["https:\/\/fliesen-schoon.de\/web\/kleinformate\/"]}]},{"@type":"BreadcrumbList","@id":"https:\/\/fliesen-schoon.de\/web\/kleinformate\/#breadcrumb","itemListElement":[{"@type":"ListItem","position":1,"name":"Startseite","item":"https:\/\/fliesen-schoon.de\/web\/"},{"@type":"ListItem","position":2,"name":"KLEINFORMATE"}]},{"@type":"WebSite","@id":"https:\/\/fliesen-schoon.de\/web\/#website","url":"https:\/\/fliesen-schoon.de\/web\/","name":"Fliesen Schoon","description":"Fliesenfachgesch\u00e4ft","potentialAction":[{"@type":"SearchAction","target":{"@type":"EntryPoint","urlTemplate":"https:\/\/fliesen-schoon.de\/web\/?s={search_term_string}"},"query-input":"required name=search_term_string"}],"inLanguage":"de"}]}},"_links":{"self":[{"href":"https:\/\/fliesen-schoon.de\/web\/wp-json\/wp\/v2\/pages\/4658"}],"collection":[{"href":"https:\/\/fliesen-schoon.de\/web\/wp-json\/wp\/v2\/pages"}],"about":[{"href":"https:\/\/fliesen-schoon.de\/web\/wp-json\/wp\/v2\/types\/page"}],"author":[{"embeddable":true,"href":"https:\/\/fliesen-schoon.de\/web\/wp-json\/wp\/v2\/users\/1"}],"replies":[{"embeddable":true,"href":"https:\/\/fliesen-schoon.de\/web\/wp-json\/wp\/v2\/comments?post=4658"}],"version-history":[{"count":54,"href":"https:\/\/fliesen-schoon.de\/web\/wp-json\/wp\/v2\/pages\/4658\/revisions"}],"predecessor-version":[{"id":5044,"href":"https:\/\/fliesen-schoon.de\/web\/wp-json\/wp\/v2\/pages\/4658\/revisions\/5044"}],"wp:featuredmedia":[{"embeddable":true,"href":"https:\/\/fliesen-schoon.de\/web\/wp-json\/wp\/v2\/media\/4660"}],"wp:attachment":[{"href":"https:\/\/fliesen-schoon.de\/web\/wp-json\/wp\/v2\/media?parent=4658"}],"curies":[{"name":"wp","href":"https:\/\/api.w.org\/{rel}","templated":true}]}}